{"id":71630,"date":"2022-03-06T11:14:04","date_gmt":"2022-03-06T10:14:04","guid":{"rendered":"https:\/\/teoriadeconstruccion.net\/blog\/?page_id=71630"},"modified":"2022-03-06T11:37:06","modified_gmt":"2022-03-06T10:37:06","slug":"politica-de-la-web-2","status":"publish","type":"page","link":"https:\/\/teoriadeconstruccion.net\/blog\/politica-de-la-web-2\/","title":{"rendered":"Pol\u00edtica de la web"},"content":{"rendered":"\n<h2 class=\"wp-block-heading\">Uso de cookies en teoriadeconstruccion.net<\/h2>\n\n\n\n<p>Esta web utiliza las cookies necesarias para mejorar tu experiencia al navegar en teoriadeconstruccion.net.&nbsp; Nos limitamos a publicar contenido interesante, sin depender de publicidad de terceros. No nos responsabilizamos del contenido de las webs que enlazan este sitio o los servicios que se produzcan en las webs enlazadas.<\/p>\n\n\n\n<p>Las cookies que pueden guardarse en tu navegador simplemente mejoran tu rapidez de consulta en esta web. En cualquier caso tienes opci\u00f3n de rechazar las cookies y contactar con nosotros a trav\u00e9s del <a href=\"https:\/\/teoriadeconstruccion.net\/blog\/consulta\/\"><strong>formulario de consulta.<\/strong><\/a><\/p>\n\n\n\n<h2 class=\"wp-block-heading\">Informaci\u00f3n general sobre cookies<\/h2>\n\n\n\n<p>La Agencia Espa\u00f1ola de Protecci\u00f3n de Datos ha elaborado una Gu\u00eda sobre el uso de las cookies<br>que puede visualizarse a trav\u00e9s del siguiente enlace:<br><a href=\"https:\/\/www.aepd.es\/sites\/default\/files\/2020-07\/guia-cookies.pdf\" target=\"_blank\" rel=\"noreferrer noopener\">https:\/\/www.aepd.es\/sites\/default\/files\/2020-07\/guia-cookies.pdf<\/a><\/p>\n\n\n\n<p>De conformidad con lo establecido en dicha Gu\u00eda y en la normativa vigente habr\u00e1 que cumplir con determinados principios algunos de los cuales se resumen brevemente a continuaci\u00f3n.<\/p>\n\n\n\n<ul class=\"wp-block-list\"><li>Requerimiento de una acci\u00f3n positiva por el usuario para considerar v\u00e1lido el consentimiento del mismo. En este sentido, la mera navegaci\u00f3n por la p\u00e1gina y las casillas premarcadas no son un m\u00e9todo de consentimiento v\u00e1lido de conformidad con la normativa vigente.<\/li><li>Es necesario implementar mecanismos para que el rechazo a las cookies sea igual de accesible que la aceptaci\u00f3n. En este sentido, la inclusi\u00f3n de un bot\u00f3n o mecanismos para rechazar todas las cookies resulta necesaria.<\/li><li>En caso de utilizar cookies de terceros es necesario incluir informaci\u00f3n espec\u00edfica sobre como las mismas podr\u00e1n ser eliminadas.<\/li><li>Para la utilizaci\u00f3n de cookies que traten datos de categor\u00edas especiales es necesario informar de forma separada al usuario y solicitar su consentimiento de forma separada.<\/li><\/ul>\n\n\n\n<p>De conformidad con lo establecido en el art\u00edculo 22.2 de la Ley de Servicios de la Sociedad de la Informaci\u00f3n (\u00abLSSI\u00bb) las cookies s\u00f3lo pueden ser utilizadas con el consentimiento informado del usuario. \u00danicamente estar\u00e1n exentas de dicho consentimiento aquellas cookies (i) utilizadas con el \u00fanico fin de llevar a cabo la transmisi\u00f3n de una comunicaci\u00f3n a trav\u00e9s de una red de comunicaciones electr\u00f3nicas o (ii) estrictamente necesarias para prestar un servicio que haya sido solicitado expl\u00edcitamentepor el usuario.<\/p>\n\n\n\n<p>La pol\u00edtica de cookies tiene que contener la informaci\u00f3n necesaria para que el usuario del sitio web comprenda c\u00f3mo funcionan las cookies y para qu\u00e9 se instalar\u00e1n, junto con toda la informaci\u00f3n requerida de conformidad con lo establecido en el Reglamento (UE) 2016\/679 (Reglamento General de Protecci\u00f3n de Datos o \u00abRGPD\u00bb) en el caso de que se recojan datos personales.<\/p>\n","protected":false},"excerpt":{"rendered":"<p>Uso de cookies en teoriadeconstruccion.net Esta web utiliza las cookies necesarias para mejorar tu experiencia al navegar en teoriadeconstruccion.net.&nbsp; Nos limitamos a publicar contenido interesante, sin depender de publicidad de terceros. No nos responsabilizamos del contenido de las webs que enlazan este sitio o los servicios que se produzcan en las webs enlazadas. Las cookies&hellip;&nbsp;<a href=\"https:\/\/teoriadeconstruccion.net\/blog\/politica-de-la-web-2\/\" rel=\"bookmark\">Leer m\u00e1s &raquo;<span class=\"screen-reader-text\">Pol\u00edtica de la web<\/span><\/a><\/p>\n","protected":false},"author":1,"featured_media":0,"parent":0,"menu_order":0,"comment_status":"closed","ping_status":"closed","template":"","meta":{"neve_meta_sidebar":"","neve_meta_container":"","neve_meta_enable_content_width":"","neve_meta_content_width":0,"neve_meta_title_alignment":"","neve_meta_author_avatar":"","neve_post_elements_order":"","neve_meta_disable_header":"","neve_meta_disable_footer":"","neve_meta_disable_title":"","jetpack_post_was_ever_published":false,"footnotes":""},"class_list":["post-71630","page","type-page","status-publish","hentry"],"yoast_head":"<!-- This site is optimized with the Yoast SEO plugin v27.4 - https:\/\/yoast.com\/product\/yoast-seo-wordpress\/ -->\n<title>Pol\u00edtica de la web - Teor\u00eda de construcci\u00f3n<\/title>\n<meta name=\"robots\" content=\"index, follow, max-snippet:-1, max-image-preview:large, max-video-preview:-1\" \/>\n<link rel=\"canonical\" href=\"https:\/\/teoriadeconstruccion.net\/blog\/politica-de-la-web-2\/\" \/>\n<meta property=\"og:locale\" content=\"es_ES\" \/>\n<meta property=\"og:type\" content=\"article\" \/>\n<meta property=\"og:title\" content=\"Pol\u00edtica de la web - Teor\u00eda de construcci\u00f3n\" \/>\n<meta property=\"og:description\" content=\"Uso de cookies en teoriadeconstruccion.net Esta web utiliza las cookies necesarias para mejorar tu experiencia al navegar en teoriadeconstruccion.net.&nbsp; Nos limitamos a publicar contenido interesante, sin depender de publicidad de terceros. No nos responsabilizamos del contenido de las webs que enlazan este sitio o los servicios que se produzcan en las webs enlazadas. Las cookies&hellip;&nbsp;Leer m\u00e1s &raquo;Pol\u00edtica de la web\" \/>\n<meta property=\"og:url\" content=\"https:\/\/teoriadeconstruccion.net\/blog\/politica-de-la-web-2\/\" \/>\n<meta property=\"og:site_name\" content=\"Teor\u00eda de construcci\u00f3n\" \/>\n<meta property=\"article:publisher\" content=\"https:\/\/www.facebook.com\/teoriadeconstru\" \/>\n<meta property=\"article:modified_time\" content=\"2022-03-06T10:37:06+00:00\" \/>\n<meta property=\"og:image\" content=\"https:\/\/i0.wp.com\/teoriadeconstruccion.net\/blog\/wp-content\/uploads\/2013\/03\/logo-tdc-luissantalla-01.jpg?fit=248%2C248&ssl=1\" \/>\n\t<meta property=\"og:image:width\" content=\"248\" \/>\n\t<meta property=\"og:image:height\" content=\"248\" \/>\n\t<meta property=\"og:image:type\" content=\"image\/jpeg\" \/>\n<meta name=\"twitter:card\" content=\"summary_large_image\" \/>\n<meta name=\"twitter:site\" content=\"@teoriadeconstru\" \/>\n<meta name=\"twitter:label1\" content=\"Tiempo de lectura\" \/>\n\t<meta name=\"twitter:data1\" content=\"2 minutos\" \/>\n<script type=\"application\/ld+json\" class=\"yoast-schema-graph\">{\"@context\":\"https:\\\/\\\/schema.org\",\"@graph\":[{\"@type\":\"WebPage\",\"@id\":\"https:\\\/\\\/teoriadeconstruccion.net\\\/blog\\\/politica-de-la-web-2\\\/\",\"url\":\"https:\\\/\\\/teoriadeconstruccion.net\\\/blog\\\/politica-de-la-web-2\\\/\",\"name\":\"Pol\u00edtica de la web - Teor\u00eda de construcci\u00f3n\",\"isPartOf\":{\"@id\":\"https:\\\/\\\/teoriadeconstruccion.net\\\/blog\\\/#website\"},\"datePublished\":\"2022-03-06T10:14:04+00:00\",\"dateModified\":\"2022-03-06T10:37:06+00:00\",\"breadcrumb\":{\"@id\":\"https:\\\/\\\/teoriadeconstruccion.net\\\/blog\\\/politica-de-la-web-2\\\/#breadcrumb\"},\"inLanguage\":\"es\",\"potentialAction\":[{\"@type\":\"ReadAction\",\"target\":[\"https:\\\/\\\/teoriadeconstruccion.net\\\/blog\\\/politica-de-la-web-2\\\/\"]}]},{\"@type\":\"BreadcrumbList\",\"@id\":\"https:\\\/\\\/teoriadeconstruccion.net\\\/blog\\\/politica-de-la-web-2\\\/#breadcrumb\",\"itemListElement\":[{\"@type\":\"ListItem\",\"position\":1,\"name\":\"Home\",\"item\":\"https:\\\/\\\/teoriadeconstruccion.net\\\/blog\\\/\"},{\"@type\":\"ListItem\",\"position\":2,\"name\":\"Pol\u00edtica de la web\"}]},{\"@type\":\"WebSite\",\"@id\":\"https:\\\/\\\/teoriadeconstruccion.net\\\/blog\\\/#website\",\"url\":\"https:\\\/\\\/teoriadeconstruccion.net\\\/blog\\\/\",\"name\":\"Teor\u00eda de construcci\u00f3n\",\"description\":\"blog sobre construcci\u00f3n, teor\u00eda y aplicaci\u00f3n: materiales, normativa de edificaci\u00f3n, sistemas constructivos.\",\"publisher\":{\"@id\":\"https:\\\/\\\/teoriadeconstruccion.net\\\/blog\\\/#organization\"},\"potentialAction\":[{\"@type\":\"SearchAction\",\"target\":{\"@type\":\"EntryPoint\",\"urlTemplate\":\"https:\\\/\\\/teoriadeconstruccion.net\\\/blog\\\/?s={search_term_string}\"},\"query-input\":{\"@type\":\"PropertyValueSpecification\",\"valueRequired\":true,\"valueName\":\"search_term_string\"}}],\"inLanguage\":\"es\"},{\"@type\":\"Organization\",\"@id\":\"https:\\\/\\\/teoriadeconstruccion.net\\\/blog\\\/#organization\",\"name\":\"teoriadeconstruccion.net\",\"url\":\"https:\\\/\\\/teoriadeconstruccion.net\\\/blog\\\/\",\"logo\":{\"@type\":\"ImageObject\",\"inLanguage\":\"es\",\"@id\":\"https:\\\/\\\/teoriadeconstruccion.net\\\/blog\\\/#\\\/schema\\\/logo\\\/image\\\/\",\"url\":\"https:\\\/\\\/i0.wp.com\\\/teoriadeconstruccion.net\\\/blog\\\/wp-content\\\/uploads\\\/2023\\\/08\\\/cropped-logo-2023-sm.jpg?fit=200%2C128&ssl=1\",\"contentUrl\":\"https:\\\/\\\/i0.wp.com\\\/teoriadeconstruccion.net\\\/blog\\\/wp-content\\\/uploads\\\/2023\\\/08\\\/cropped-logo-2023-sm.jpg?fit=200%2C128&ssl=1\",\"width\":200,\"height\":128,\"caption\":\"teoriadeconstruccion.net\"},\"image\":{\"@id\":\"https:\\\/\\\/teoriadeconstruccion.net\\\/blog\\\/#\\\/schema\\\/logo\\\/image\\\/\"},\"sameAs\":[\"https:\\\/\\\/www.facebook.com\\\/teoriadeconstru\",\"https:\\\/\\\/x.com\\\/teoriadeconstru\"]}]}<\/script>\n<!-- \/ Yoast SEO plugin. -->","yoast_head_json":{"title":"Pol\u00edtica de la web - Teor\u00eda de construcci\u00f3n","robots":{"index":"index","follow":"follow","max-snippet":"max-snippet:-1","max-image-preview":"max-image-preview:large","max-video-preview":"max-video-preview:-1"},"canonical":"https:\/\/teoriadeconstruccion.net\/blog\/politica-de-la-web-2\/","og_locale":"es_ES","og_type":"article","og_title":"Pol\u00edtica de la web - Teor\u00eda de construcci\u00f3n","og_description":"Uso de cookies en teoriadeconstruccion.net Esta web utiliza las cookies necesarias para mejorar tu experiencia al navegar en teoriadeconstruccion.net.&nbsp; Nos limitamos a publicar contenido interesante, sin depender de publicidad de terceros. No nos responsabilizamos del contenido de las webs que enlazan este sitio o los servicios que se produzcan en las webs enlazadas. Las cookies&hellip;&nbsp;Leer m\u00e1s &raquo;Pol\u00edtica de la web","og_url":"https:\/\/teoriadeconstruccion.net\/blog\/politica-de-la-web-2\/","og_site_name":"Teor\u00eda de construcci\u00f3n","article_publisher":"https:\/\/www.facebook.com\/teoriadeconstru","article_modified_time":"2022-03-06T10:37:06+00:00","og_image":[{"width":248,"height":248,"url":"https:\/\/i0.wp.com\/teoriadeconstruccion.net\/blog\/wp-content\/uploads\/2013\/03\/logo-tdc-luissantalla-01.jpg?fit=248%2C248&ssl=1","type":"image\/jpeg"}],"twitter_card":"summary_large_image","twitter_site":"@teoriadeconstru","twitter_misc":{"Tiempo de lectura":"2 minutos"},"schema":{"@context":"https:\/\/schema.org","@graph":[{"@type":"WebPage","@id":"https:\/\/teoriadeconstruccion.net\/blog\/politica-de-la-web-2\/","url":"https:\/\/teoriadeconstruccion.net\/blog\/politica-de-la-web-2\/","name":"Pol\u00edtica de la web - Teor\u00eda de construcci\u00f3n","isPartOf":{"@id":"https:\/\/teoriadeconstruccion.net\/blog\/#website"},"datePublished":"2022-03-06T10:14:04+00:00","dateModified":"2022-03-06T10:37:06+00:00","breadcrumb":{"@id":"https:\/\/teoriadeconstruccion.net\/blog\/politica-de-la-web-2\/#breadcrumb"},"inLanguage":"es","potentialAction":[{"@type":"ReadAction","target":["https:\/\/teoriadeconstruccion.net\/blog\/politica-de-la-web-2\/"]}]},{"@type":"BreadcrumbList","@id":"https:\/\/teoriadeconstruccion.net\/blog\/politica-de-la-web-2\/#breadcrumb","itemListElement":[{"@type":"ListItem","position":1,"name":"Home","item":"https:\/\/teoriadeconstruccion.net\/blog\/"},{"@type":"ListItem","position":2,"name":"Pol\u00edtica de la web"}]},{"@type":"WebSite","@id":"https:\/\/teoriadeconstruccion.net\/blog\/#website","url":"https:\/\/teoriadeconstruccion.net\/blog\/","name":"Teor\u00eda de construcci\u00f3n","description":"blog sobre construcci\u00f3n, teor\u00eda y aplicaci\u00f3n: materiales, normativa de edificaci\u00f3n, sistemas constructivos.","publisher":{"@id":"https:\/\/teoriadeconstruccion.net\/blog\/#organization"},"potentialAction":[{"@type":"SearchAction","target":{"@type":"EntryPoint","urlTemplate":"https:\/\/teoriadeconstruccion.net\/blog\/?s={search_term_string}"},"query-input":{"@type":"PropertyValueSpecification","valueRequired":true,"valueName":"search_term_string"}}],"inLanguage":"es"},{"@type":"Organization","@id":"https:\/\/teoriadeconstruccion.net\/blog\/#organization","name":"teoriadeconstruccion.net","url":"https:\/\/teoriadeconstruccion.net\/blog\/","logo":{"@type":"ImageObject","inLanguage":"es","@id":"https:\/\/teoriadeconstruccion.net\/blog\/#\/schema\/logo\/image\/","url":"https:\/\/i0.wp.com\/teoriadeconstruccion.net\/blog\/wp-content\/uploads\/2023\/08\/cropped-logo-2023-sm.jpg?fit=200%2C128&ssl=1","contentUrl":"https:\/\/i0.wp.com\/teoriadeconstruccion.net\/blog\/wp-content\/uploads\/2023\/08\/cropped-logo-2023-sm.jpg?fit=200%2C128&ssl=1","width":200,"height":128,"caption":"teoriadeconstruccion.net"},"image":{"@id":"https:\/\/teoriadeconstruccion.net\/blog\/#\/schema\/logo\/image\/"},"sameAs":["https:\/\/www.facebook.com\/teoriadeconstru","https:\/\/x.com\/teoriadeconstru"]}]}},"jetpack_shortlink":"https:\/\/wp.me\/P3diCd-iDk","jetpack_sharing_enabled":true,"_links":{"self":[{"href":"https:\/\/teoriadeconstruccion.net\/blog\/wp-json\/wp\/v2\/pages\/71630","targetHints":{"allow":["GET"]}}],"collection":[{"href":"https:\/\/teoriadeconstruccion.net\/blog\/wp-json\/wp\/v2\/pages"}],"about":[{"href":"https:\/\/teoriadeconstruccion.net\/blog\/wp-json\/wp\/v2\/types\/page"}],"author":[{"embeddable":true,"href":"https:\/\/teoriadeconstruccion.net\/blog\/wp-json\/wp\/v2\/users\/1"}],"replies":[{"embeddable":true,"href":"https:\/\/teoriadeconstruccion.net\/blog\/wp-json\/wp\/v2\/comments?post=71630"}],"version-history":[{"count":0,"href":"https:\/\/teoriadeconstruccion.net\/blog\/wp-json\/wp\/v2\/pages\/71630\/revisions"}],"wp:attachment":[{"href":"https:\/\/teoriadeconstruccion.net\/blog\/wp-json\/wp\/v2\/media?parent=71630"}],"curies":[{"name":"wp","href":"https:\/\/api.w.org\/{rel}","templated":true}]}}