{"id":499,"date":"2010-11-01T19:21:00","date_gmt":"2010-11-01T19:21:00","guid":{"rendered":"http:\/\/teoriadeconstruccion.wordpress.com\/"},"modified":"2013-11-11T09:39:13","modified_gmt":"2013-11-11T08:39:13","slug":"patologias","status":"publish","type":"page","link":"https:\/\/teoriadeconstruccion.net\/blog\/patologias\/","title":{"rendered":"Patolog\u00edas"},"content":{"rendered":"<p>Se consideran Patolog\u00edas Constructivas las diferentes lesiones patol\u00f3gicas habituales en la construcci\u00f3n, que se clasifican seg\u00fan su causa o agente causante.<br \/>\n\u00c9stas lesiones pueden ser, seg\u00fan su origen:<br \/>\n* Lesiones F\u00edsicas: causadas por la humedad, la suciedad, la erosi\u00f3n&#8230;<br \/>\n* Lesiones Mec\u00e1nicas: sus causas se deben a un factor mec\u00e1nico: grietas, fisuras, deformaciones, desprendimientos y erosi\u00f3n debida a esfuerzos mec\u00e1nicos.<br \/>\n* Lesiones Qu\u00edmicas: previamente a su aparici\u00f3n interviene un proceso qu\u00edmico (oxidaci\u00f3n, corrosi\u00f3n, eflorescencias, organismos vivos, etc.)<\/p>\n<p><a href=\"#\">59 &#8211; Suelos colapsables: Conceptos y desarrollo de patolog\u00edas <\/a><\/p>\n<p><a href=\"#\"> 58 &#8211; Instalaciones de conducci\u00f3n de agua en edificaci\u00f3n con materiales pl\u00e1sticos <\/a><\/p>\n<p><a href=\"#\"> 57 &#8211; Uso de pasadores met\u00e1licos en juntas de dilataci\u00f3n <\/a><\/p>\n<p><a href=\"#\"> 56 &#8211; Pilotes Prefabricados Hincados. <\/a><\/p>\n<p><a href=\"#\"> 55 &#8211; Losas Postesadas <\/a><\/p>\n<p><a href=\"#\"> 54 &#8211; Contenciones especiales. Suelos reforzados. Tierra armada <\/a><\/p>\n<p><a href=\"#\"> 53 &#8211; Patolog\u00edas en cimentaciones. Rellenos estructurales <\/a><\/p>\n<p><a href=\"#\"> 52 &#8211; Patolog\u00edas en pilotes de madera <\/a><\/p>\n<p><a href=\"#\"> 51 &#8211; Patolog\u00edas en cimentaciones. An\u00e1lisis de grietas. 2\u00aa Parte <\/a><\/p>\n<p><a href=\"#\"> 50 &#8211; Patolog\u00edas en cimentaciones. An\u00e1lisis de grietas. 1\u00aa Parte <\/a><\/p>\n<p><a href=\"#\"> 49 &#8211; Patolog\u00edas en cimentaciones. Posibles causas <\/a><\/p>\n<p><a href=\"#\"> 48 &#8211; Efectos de incendios en estructuras de hormig\u00f3n armado <\/a><\/p>\n<p><a href=\"#\"> 47 &#8211; Da\u00f1os en f\u00e1bricas de bloque cer\u00e1mico de arcilla aligerada <\/a><\/p>\n<p><a href=\"#\"> 46 &#8211; Da\u00f1os en terrenos k\u00e1rsticos <\/a><\/p>\n<p><a href=\"#\"> 45 &#8211; Da\u00f1os por retracci\u00f3n del hormig\u00f3n <\/a><\/p>\n<p><a href=\"#\"> 44 &#8211; Estructuras afectadas por aluminosis <\/a><\/p>\n<p><a href=\"#\"> 43 &#8211; Eflorescencias en Fachadas <\/a><\/p>\n<p><a href=\"#\"> 42 &#8211; Humedades y grietas en paramentos verticales <\/a><\/p>\n<p><a href=\"#\"> 41 &#8211; Deslizamiento del terreno <\/a><\/p>\n<p><a href=\"#\"> 40 &#8211; Patolog\u00edas por defectos de ejecuci\u00f3n <\/a><\/p>\n<p><a href=\"#\"> 39 &#8211; Da\u00f1os en elementos no estructurales (Parte III) <\/a><\/p>\n<p><a href=\"#\"> 38 &#8211; Da\u00f1os en elementos no estructurales (Parte II) <\/a><\/p>\n<p><a href=\"#\"> 37 &#8211; Da\u00f1os en elementos no estructurales (Parte I) <\/a><\/p>\n<p><a href=\"#\"> 36 &#8211; Da\u00f1os a elementos estructurales por esfuerzo de flexi\u00f3n (2\u00aa parte:) <\/a><\/p>\n<p><a href=\"#\"> 35 &#8211; Da\u00f1os a elementos estructurales por esfuerzo de flexi\u00f3n (1 \u00aa parte:) <\/a><\/p>\n<p><a href=\"#\"> 34 &#8211; Da\u00f1os a elementos estructurales por esfuerzo de torsi\u00f3n <\/a><\/p>\n<p><a href=\"#\"> 33 &#8211; Da\u00f1os a elementos estructurales por esfuerzo rasante <\/a><\/p>\n<p><a href=\"#\"> 32 &#8211; Da\u00f1os a elementos estructurales por punzonamiento <\/a><\/p>\n<p><a href=\"#\"> 31 &#8211; Da\u00f1os a elementos estructurales por esfuerzo cortante (2\u00aa parte) <\/a><\/p>\n<p><a href=\"#\"> 30 &#8211; Da\u00f1os a elementos estructurales por esfuerzo cortante (1\u00aa parte) <\/a><\/p>\n<p><a href=\"#\"> 29 &#8211; Da\u00f1os a elementos estructurales por esfuerzo normal <\/a><\/p>\n<p><a href=\"#\"> 28 &#8211; Da\u00f1os en elementos estructurales <\/a><\/p>\n<p><a href=\"#\"> 27 &#8211; El factor t\u00e9rmico como origen de da\u00f1os en la edificaci\u00f3n <\/a><\/p>\n<p><a href=\"#\"> 26 &#8211; Da\u00f1os a muros y fachadas de piedra <\/a><\/p>\n<p><a href=\"#\"> 25 &#8211; Patolog\u00edas originadas por las instalaciones de edificaci\u00f3n <\/a><\/p>\n<p><a href=\"#\"> 24 &#8211; Corrosi\u00f3n en las estructuras de acero. (Deterioro de sus propiedades) <\/a><\/p>\n<p><a href=\"#\"> 23 &#8211; Agresividad del suelo a estructuras de hormig\u00f3n. Ataque qu\u00edmico <\/a><\/p>\n<p><a href=\"#\"> 22 &#8211; Patolog\u00edas en edificaciones sobre pendientes de terreno (2\u00aa parte: Rocas) <\/a><\/p>\n<p><a href=\"#\"> 21 &#8211; Patolog\u00edas en edificaciones sobre pendientes de terreno (1\u00aa parte: Suelos) <\/a><\/p>\n<p><a href=\"#\"> 20-Patologias por acciones s\u00edsmicas (2\u00aa pte: terrenos, cimentaci\u00f3n y otras tipolog\u00edas estructurales) <\/a><\/p>\n<p><a href=\"#\"> 19 &#8211; Patologias por acciones s\u00edsmicas (1\u00aa parte: estructuras de hormig\u00f3n armado) <\/a><\/p>\n<p><a href=\"#\"> 18 &#8211; Patolog\u00edas por arcillas expansivas. Naturaleza y comportamiento <\/a><\/p>\n<p><a href=\"#\"> 17 &#8211; Patolog\u00edas en forjados unidireccionales. Da\u00f1os m\u00e1s comunes. <\/a><\/p>\n<p><a href=\"#\"> 16 &#8211; Patolog\u00edas de la madera: Los factores adversos y agentes destructivos (2\u00aa Parte) <\/a><\/p>\n<p><a href=\"#\"> 15 &#8211; Patolog\u00edas de la madera: Los factores adversos y agentes destructivos (1\u00aa Parte) <\/a><\/p>\n<p><a href=\"#\"> 14 &#8211; La corrosi\u00f3n de las armaduras en el hormig\u00f3n armado. <\/a><\/p>\n<p><a href=\"#\"> 13 &#8211; Asiento de soleras en viviendas unifamiliares <\/a><\/p>\n<p><a href=\"#\"> 12 &#8211; Patolog\u00edas en las cubiertas <\/a><\/p>\n<p><a href=\"#\"> 11 &#8211; Patolog\u00edas en las f\u00e1bricas de ladrillos <\/a><\/p>\n<p><a href=\"#\"> 10 &#8211; Patolog\u00edas asociadas a cimentaciones superficiales sobre rellenos naturales y echadizos <\/a><\/p>\n<p><a href=\"#\">09 &#8211; Prevenir la filtraci\u00f3n de agua o la aparici\u00f3n de manchas de humedad. <\/a><\/p>\n<p><a href=\"#\"> 08 &#8211; Revestimiento de los paramentos en los edificios <\/a><\/p>\n<p><a href=\"#\"> 07 &#8211; Las grietas estructurales de las obras de alba\u00f1iler\u00eda en viviendas unifamiliares <\/a><\/p>\n<p><a href=\"#\"> 06 &#8211; Los esfuerzos oblicuos ligados a la acci\u00f3n de rellenos sobre cimentaciones profundas <\/a><\/p>\n<p><a href=\"#\"> 05 &#8211; Problemas en cimentaciones profundas: el rozamiento negativo en pilotaje <\/a><\/p>\n<p><a href=\"#\"> 04 &#8211; Problemas en cimentaciones profundas. Grupos de pilotes. <\/a><\/p>\n<p><a href=\"#\"> 03 &#8211; Hundimiento de muros de contenci\u00f3n <\/a><\/p>\n<p><a href=\"#\"> 02 &#8211; Movimientos excepcionales de cimentaciones en viviendas unifamiliares. <\/a><\/p>\n<p><a href=\"#\"> 01 &#8211; Los movimientos de cimentaciones en viviendas unifamiliares <\/a><\/p>\n<p><a title=\"wordpress stat\" href=\"http:\/\/statcounter.com\/wordpress.org\/\" target=\"_blank\"><img decoding=\"async\" alt=\"wordpress stat\" src=\"http:\/\/c.statcounter.com\/6471774\/0\/9ec3fafd\/1\/\" border=\"0\" \/><\/a><\/p>\n","protected":false},"excerpt":{"rendered":"<p>Se consideran Patolog\u00edas Constructivas las diferentes lesiones patol\u00f3gicas habituales en la construcci\u00f3n, que se clasifican seg\u00fan su causa o agente causante. \u00c9stas lesiones pueden ser, seg\u00fan su origen: * Lesiones F\u00edsicas: causadas por la humedad, la suciedad, la erosi\u00f3n&#8230; * Lesiones Mec\u00e1nicas: sus causas se deben a un factor mec\u00e1nico: grietas, fisuras, deformaciones, desprendimientos y&hellip;&nbsp;<a href=\"https:\/\/teoriadeconstruccion.net\/blog\/patologias\/\" rel=\"bookmark\">Leer m\u00e1s &raquo;<span class=\"screen-reader-text\">Patolog\u00edas<\/span><\/a><\/p>\n","protected":false},"author":1,"featured_media":0,"parent":0,"menu_order":0,"comment_status":"open","ping_status":"open","template":"","meta":{"neve_meta_sidebar":"","neve_meta_container":"","neve_meta_enable_content_width":"","neve_meta_content_width":0,"neve_meta_title_alignment":"","neve_meta_author_avatar":"","neve_post_elements_order":"","neve_meta_disable_header":"","neve_meta_disable_footer":"","neve_meta_disable_title":"","jetpack_post_was_ever_published":false,"footnotes":""},"class_list":["post-499","page","type-page","status-publish","hentry"],"yoast_head":"<!-- This site is optimized with the Yoast SEO plugin v27.4 - https:\/\/yoast.com\/product\/yoast-seo-wordpress\/ -->\n<title>Patolog\u00edas - Teor\u00eda de construcci\u00f3n<\/title>\n<meta name=\"robots\" content=\"index, follow, max-snippet:-1, max-image-preview:large, max-video-preview:-1\" \/>\n<link rel=\"canonical\" href=\"https:\/\/teoriadeconstruccion.net\/blog\/patologias\/\" \/>\n<meta property=\"og:locale\" content=\"es_ES\" \/>\n<meta property=\"og:type\" content=\"article\" \/>\n<meta property=\"og:title\" content=\"Patolog\u00edas - Teor\u00eda de construcci\u00f3n\" \/>\n<meta property=\"og:description\" content=\"Se consideran Patolog\u00edas Constructivas las diferentes lesiones patol\u00f3gicas habituales en la construcci\u00f3n, que se clasifican seg\u00fan su causa o agente causante. \u00c9stas lesiones pueden ser, seg\u00fan su origen: * Lesiones F\u00edsicas: causadas por la humedad, la suciedad, la erosi\u00f3n&#8230; * Lesiones Mec\u00e1nicas: sus causas se deben a un factor mec\u00e1nico: grietas, fisuras, deformaciones, desprendimientos y&hellip;&nbsp;Leer m\u00e1s &raquo;Patolog\u00edas\" \/>\n<meta property=\"og:url\" content=\"https:\/\/teoriadeconstruccion.net\/blog\/patologias\/\" \/>\n<meta property=\"og:site_name\" content=\"Teor\u00eda de construcci\u00f3n\" \/>\n<meta property=\"article:publisher\" content=\"https:\/\/www.facebook.com\/teoriadeconstru\" \/>\n<meta property=\"article:modified_time\" content=\"2013-11-11T08:39:13+00:00\" \/>\n<meta property=\"og:image\" content=\"http:\/\/c.statcounter.com\/6471774\/0\/9ec3fafd\/1\/\" \/>\n<meta name=\"twitter:card\" content=\"summary_large_image\" \/>\n<meta name=\"twitter:site\" content=\"@teoriadeconstru\" \/>\n<meta name=\"twitter:label1\" content=\"Tiempo de lectura\" \/>\n\t<meta name=\"twitter:data1\" content=\"3 minutos\" \/>\n<script type=\"application\/ld+json\" class=\"yoast-schema-graph\">{\"@context\":\"https:\\\/\\\/schema.org\",\"@graph\":[{\"@type\":\"WebPage\",\"@id\":\"https:\\\/\\\/teoriadeconstruccion.net\\\/blog\\\/patologias\\\/\",\"url\":\"https:\\\/\\\/teoriadeconstruccion.net\\\/blog\\\/patologias\\\/\",\"name\":\"Patolog\u00edas - Teor\u00eda de construcci\u00f3n\",\"isPartOf\":{\"@id\":\"https:\\\/\\\/teoriadeconstruccion.net\\\/blog\\\/#website\"},\"primaryImageOfPage\":{\"@id\":\"https:\\\/\\\/teoriadeconstruccion.net\\\/blog\\\/patologias\\\/#primaryimage\"},\"image\":{\"@id\":\"https:\\\/\\\/teoriadeconstruccion.net\\\/blog\\\/patologias\\\/#primaryimage\"},\"thumbnailUrl\":\"http:\\\/\\\/c.statcounter.com\\\/6471774\\\/0\\\/9ec3fafd\\\/1\\\/\",\"datePublished\":\"2010-11-01T19:21:00+00:00\",\"dateModified\":\"2013-11-11T08:39:13+00:00\",\"breadcrumb\":{\"@id\":\"https:\\\/\\\/teoriadeconstruccion.net\\\/blog\\\/patologias\\\/#breadcrumb\"},\"inLanguage\":\"es\",\"potentialAction\":[{\"@type\":\"ReadAction\",\"target\":[\"https:\\\/\\\/teoriadeconstruccion.net\\\/blog\\\/patologias\\\/\"]}]},{\"@type\":\"ImageObject\",\"inLanguage\":\"es\",\"@id\":\"https:\\\/\\\/teoriadeconstruccion.net\\\/blog\\\/patologias\\\/#primaryimage\",\"url\":\"http:\\\/\\\/c.statcounter.com\\\/6471774\\\/0\\\/9ec3fafd\\\/1\\\/\",\"contentUrl\":\"http:\\\/\\\/c.statcounter.com\\\/6471774\\\/0\\\/9ec3fafd\\\/1\\\/\"},{\"@type\":\"BreadcrumbList\",\"@id\":\"https:\\\/\\\/teoriadeconstruccion.net\\\/blog\\\/patologias\\\/#breadcrumb\",\"itemListElement\":[{\"@type\":\"ListItem\",\"position\":1,\"name\":\"Home\",\"item\":\"https:\\\/\\\/teoriadeconstruccion.net\\\/blog\\\/\"},{\"@type\":\"ListItem\",\"position\":2,\"name\":\"Patolog\u00edas\"}]},{\"@type\":\"WebSite\",\"@id\":\"https:\\\/\\\/teoriadeconstruccion.net\\\/blog\\\/#website\",\"url\":\"https:\\\/\\\/teoriadeconstruccion.net\\\/blog\\\/\",\"name\":\"Teor\u00eda de construcci\u00f3n\",\"description\":\"blog sobre construcci\u00f3n, teor\u00eda y aplicaci\u00f3n: materiales, normativa de edificaci\u00f3n, sistemas constructivos.\",\"publisher\":{\"@id\":\"https:\\\/\\\/teoriadeconstruccion.net\\\/blog\\\/#organization\"},\"potentialAction\":[{\"@type\":\"SearchAction\",\"target\":{\"@type\":\"EntryPoint\",\"urlTemplate\":\"https:\\\/\\\/teoriadeconstruccion.net\\\/blog\\\/?s={search_term_string}\"},\"query-input\":{\"@type\":\"PropertyValueSpecification\",\"valueRequired\":true,\"valueName\":\"search_term_string\"}}],\"inLanguage\":\"es\"},{\"@type\":\"Organization\",\"@id\":\"https:\\\/\\\/teoriadeconstruccion.net\\\/blog\\\/#organization\",\"name\":\"teoriadeconstruccion.net\",\"url\":\"https:\\\/\\\/teoriadeconstruccion.net\\\/blog\\\/\",\"logo\":{\"@type\":\"ImageObject\",\"inLanguage\":\"es\",\"@id\":\"https:\\\/\\\/teoriadeconstruccion.net\\\/blog\\\/#\\\/schema\\\/logo\\\/image\\\/\",\"url\":\"https:\\\/\\\/i0.wp.com\\\/teoriadeconstruccion.net\\\/blog\\\/wp-content\\\/uploads\\\/2023\\\/08\\\/cropped-logo-2023-sm.jpg?fit=200%2C128&ssl=1\",\"contentUrl\":\"https:\\\/\\\/i0.wp.com\\\/teoriadeconstruccion.net\\\/blog\\\/wp-content\\\/uploads\\\/2023\\\/08\\\/cropped-logo-2023-sm.jpg?fit=200%2C128&ssl=1\",\"width\":200,\"height\":128,\"caption\":\"teoriadeconstruccion.net\"},\"image\":{\"@id\":\"https:\\\/\\\/teoriadeconstruccion.net\\\/blog\\\/#\\\/schema\\\/logo\\\/image\\\/\"},\"sameAs\":[\"https:\\\/\\\/www.facebook.com\\\/teoriadeconstru\",\"https:\\\/\\\/x.com\\\/teoriadeconstru\"]}]}<\/script>\n<!-- \/ Yoast SEO plugin. -->","yoast_head_json":{"title":"Patolog\u00edas - Teor\u00eda de construcci\u00f3n","robots":{"index":"index","follow":"follow","max-snippet":"max-snippet:-1","max-image-preview":"max-image-preview:large","max-video-preview":"max-video-preview:-1"},"canonical":"https:\/\/teoriadeconstruccion.net\/blog\/patologias\/","og_locale":"es_ES","og_type":"article","og_title":"Patolog\u00edas - Teor\u00eda de construcci\u00f3n","og_description":"Se consideran Patolog\u00edas Constructivas las diferentes lesiones patol\u00f3gicas habituales en la construcci\u00f3n, que se clasifican seg\u00fan su causa o agente causante. \u00c9stas lesiones pueden ser, seg\u00fan su origen: * Lesiones F\u00edsicas: causadas por la humedad, la suciedad, la erosi\u00f3n&#8230; * Lesiones Mec\u00e1nicas: sus causas se deben a un factor mec\u00e1nico: grietas, fisuras, deformaciones, desprendimientos y&hellip;&nbsp;Leer m\u00e1s &raquo;Patolog\u00edas","og_url":"https:\/\/teoriadeconstruccion.net\/blog\/patologias\/","og_site_name":"Teor\u00eda de construcci\u00f3n","article_publisher":"https:\/\/www.facebook.com\/teoriadeconstru","article_modified_time":"2013-11-11T08:39:13+00:00","og_image":[{"url":"http:\/\/c.statcounter.com\/6471774\/0\/9ec3fafd\/1\/","type":"","width":"","height":""}],"twitter_card":"summary_large_image","twitter_site":"@teoriadeconstru","twitter_misc":{"Tiempo de lectura":"3 minutos"},"schema":{"@context":"https:\/\/schema.org","@graph":[{"@type":"WebPage","@id":"https:\/\/teoriadeconstruccion.net\/blog\/patologias\/","url":"https:\/\/teoriadeconstruccion.net\/blog\/patologias\/","name":"Patolog\u00edas - Teor\u00eda de construcci\u00f3n","isPartOf":{"@id":"https:\/\/teoriadeconstruccion.net\/blog\/#website"},"primaryImageOfPage":{"@id":"https:\/\/teoriadeconstruccion.net\/blog\/patologias\/#primaryimage"},"image":{"@id":"https:\/\/teoriadeconstruccion.net\/blog\/patologias\/#primaryimage"},"thumbnailUrl":"http:\/\/c.statcounter.com\/6471774\/0\/9ec3fafd\/1\/","datePublished":"2010-11-01T19:21:00+00:00","dateModified":"2013-11-11T08:39:13+00:00","breadcrumb":{"@id":"https:\/\/teoriadeconstruccion.net\/blog\/patologias\/#breadcrumb"},"inLanguage":"es","potentialAction":[{"@type":"ReadAction","target":["https:\/\/teoriadeconstruccion.net\/blog\/patologias\/"]}]},{"@type":"ImageObject","inLanguage":"es","@id":"https:\/\/teoriadeconstruccion.net\/blog\/patologias\/#primaryimage","url":"http:\/\/c.statcounter.com\/6471774\/0\/9ec3fafd\/1\/","contentUrl":"http:\/\/c.statcounter.com\/6471774\/0\/9ec3fafd\/1\/"},{"@type":"BreadcrumbList","@id":"https:\/\/teoriadeconstruccion.net\/blog\/patologias\/#breadcrumb","itemListElement":[{"@type":"ListItem","position":1,"name":"Home","item":"https:\/\/teoriadeconstruccion.net\/blog\/"},{"@type":"ListItem","position":2,"name":"Patolog\u00edas"}]},{"@type":"WebSite","@id":"https:\/\/teoriadeconstruccion.net\/blog\/#website","url":"https:\/\/teoriadeconstruccion.net\/blog\/","name":"Teor\u00eda de construcci\u00f3n","description":"blog sobre construcci\u00f3n, teor\u00eda y aplicaci\u00f3n: materiales, normativa de edificaci\u00f3n, sistemas constructivos.","publisher":{"@id":"https:\/\/teoriadeconstruccion.net\/blog\/#organization"},"potentialAction":[{"@type":"SearchAction","target":{"@type":"EntryPoint","urlTemplate":"https:\/\/teoriadeconstruccion.net\/blog\/?s={search_term_string}"},"query-input":{"@type":"PropertyValueSpecification","valueRequired":true,"valueName":"search_term_string"}}],"inLanguage":"es"},{"@type":"Organization","@id":"https:\/\/teoriadeconstruccion.net\/blog\/#organization","name":"teoriadeconstruccion.net","url":"https:\/\/teoriadeconstruccion.net\/blog\/","logo":{"@type":"ImageObject","inLanguage":"es","@id":"https:\/\/teoriadeconstruccion.net\/blog\/#\/schema\/logo\/image\/","url":"https:\/\/i0.wp.com\/teoriadeconstruccion.net\/blog\/wp-content\/uploads\/2023\/08\/cropped-logo-2023-sm.jpg?fit=200%2C128&ssl=1","contentUrl":"https:\/\/i0.wp.com\/teoriadeconstruccion.net\/blog\/wp-content\/uploads\/2023\/08\/cropped-logo-2023-sm.jpg?fit=200%2C128&ssl=1","width":200,"height":128,"caption":"teoriadeconstruccion.net"},"image":{"@id":"https:\/\/teoriadeconstruccion.net\/blog\/#\/schema\/logo\/image\/"},"sameAs":["https:\/\/www.facebook.com\/teoriadeconstru","https:\/\/x.com\/teoriadeconstru"]}]}},"jetpack_shortlink":"https:\/\/wp.me\/P3diCd-83","jetpack_sharing_enabled":true,"_links":{"self":[{"href":"https:\/\/teoriadeconstruccion.net\/blog\/wp-json\/wp\/v2\/pages\/499","targetHints":{"allow":["GET"]}}],"collection":[{"href":"https:\/\/teoriadeconstruccion.net\/blog\/wp-json\/wp\/v2\/pages"}],"about":[{"href":"https:\/\/teoriadeconstruccion.net\/blog\/wp-json\/wp\/v2\/types\/page"}],"author":[{"embeddable":true,"href":"https:\/\/teoriadeconstruccion.net\/blog\/wp-json\/wp\/v2\/users\/1"}],"replies":[{"embeddable":true,"href":"https:\/\/teoriadeconstruccion.net\/blog\/wp-json\/wp\/v2\/comments?post=499"}],"version-history":[{"count":0,"href":"https:\/\/teoriadeconstruccion.net\/blog\/wp-json\/wp\/v2\/pages\/499\/revisions"}],"wp:attachment":[{"href":"https:\/\/teoriadeconstruccion.net\/blog\/wp-json\/wp\/v2\/media?parent=499"}],"curies":[{"name":"wp","href":"https:\/\/api.w.org\/{rel}","templated":true}]}}