{"id":3401,"date":"2014-08-23T12:40:36","date_gmt":"2014-08-23T11:40:36","guid":{"rendered":"http:\/\/teoriadeconstruccion.net\/blog\/?page_id=3401"},"modified":"2026-04-26T18:25:54","modified_gmt":"2026-04-26T17:25:54","slug":"calculos","status":"publish","type":"page","link":"https:\/\/teoriadeconstruccion.net\/blog\/calculos\/","title":{"rendered":"C\u00e1lculos"},"content":{"rendered":"\n<p><strong>Te presentamos las \u00faltimas novedades desarrolladas por teoriadeconstruccion.net<\/strong> <\/p>\n\n\n\n<p>Se trata de aplicaciones en fase de desarrollo, que consideramos que ya cuentan con una funcionalidad m\u00ednima y un rigor suficiente como para tener en cuenta como plantillas de apoyo, predimensionado e interpretaci\u00f3n normativa. Agradecemos feedback en los comentarios para seguir desarroll\u00e1ndolas. <\/p>\n\n\n\n<div class=\"wp-block-columns is-layout-flex wp-container-core-columns-is-layout-9d6595d7 wp-block-columns-is-layout-flex\">\n<div class=\"wp-block-column is-layout-flow wp-block-column-is-layout-flow\">\n<figure class=\"wp-block-image size-full\"><a href=\"https:\/\/teoriadeconstruccion.net\/blog\/calculos\/calculadora-hs1-proteccion-contra-la-humedad-online\/\" target=\"_blank\" rel=\" noreferrer noopener\"><img data-recalc-dims=\"1\" decoding=\"async\" width=\"833\" height=\"833\" src=\"https:\/\/i0.wp.com\/teoriadeconstruccion.net\/blog\/wp-content\/uploads\/2026\/04\/LOGO-CTE-HS1.jpg?resize=833%2C833&#038;ssl=1\" alt=\"\" class=\"wp-image-73695\" srcset=\"https:\/\/i0.wp.com\/teoriadeconstruccion.net\/blog\/wp-content\/uploads\/2026\/04\/LOGO-CTE-HS1.jpg?w=833&amp;ssl=1 833w, https:\/\/i0.wp.com\/teoriadeconstruccion.net\/blog\/wp-content\/uploads\/2026\/04\/LOGO-CTE-HS1.jpg?resize=300%2C300&amp;ssl=1 300w, https:\/\/i0.wp.com\/teoriadeconstruccion.net\/blog\/wp-content\/uploads\/2026\/04\/LOGO-CTE-HS1.jpg?resize=150%2C150&amp;ssl=1 150w, https:\/\/i0.wp.com\/teoriadeconstruccion.net\/blog\/wp-content\/uploads\/2026\/04\/LOGO-CTE-HS1.jpg?resize=768%2C768&amp;ssl=1 768w\" sizes=\"(max-width: 833px) 100vw, 833px\" \/><\/a><\/figure>\n\n\n\n<p>Cada d\u00eda te hacemos la vida m\u00e1s f\u00e1cil. Te ayudamos a la hora de elegir los mejores cerramientos, justificar la protecci\u00f3n frente a la humedad nunca ha sido tan sencillo.<\/p>\n<\/div>\n\n\n\n<div class=\"wp-block-column is-layout-flow wp-block-column-is-layout-flow\">\n<figure class=\"wp-block-image size-full\"><a href=\"https:\/\/teoriadeconstruccion.net\/blog\/calculos\/calculadora-hs2-recogida-y-evacuacion-de-residuos\/\" target=\"_blank\" rel=\" noreferrer noopener\"><img data-recalc-dims=\"1\" decoding=\"async\" width=\"833\" height=\"833\" src=\"https:\/\/i0.wp.com\/teoriadeconstruccion.net\/blog\/wp-content\/uploads\/2026\/04\/LOGO-CTE-HS2.jpg?resize=833%2C833&#038;ssl=1\" alt=\"\" class=\"wp-image-73696\" srcset=\"https:\/\/i0.wp.com\/teoriadeconstruccion.net\/blog\/wp-content\/uploads\/2026\/04\/LOGO-CTE-HS2.jpg?w=833&amp;ssl=1 833w, https:\/\/i0.wp.com\/teoriadeconstruccion.net\/blog\/wp-content\/uploads\/2026\/04\/LOGO-CTE-HS2.jpg?resize=300%2C300&amp;ssl=1 300w, https:\/\/i0.wp.com\/teoriadeconstruccion.net\/blog\/wp-content\/uploads\/2026\/04\/LOGO-CTE-HS2.jpg?resize=150%2C150&amp;ssl=1 150w, https:\/\/i0.wp.com\/teoriadeconstruccion.net\/blog\/wp-content\/uploads\/2026\/04\/LOGO-CTE-HS2.jpg?resize=768%2C768&amp;ssl=1 768w\" sizes=\"(max-width: 833px) 100vw, 833px\" \/><\/a><\/figure>\n\n\n\n<p>\u00bfEs tu primera vez dise\u00f1ando un espacio de reserva de contenedores de residuos? Vamos a echarte una mano con esto!<\/p>\n<\/div>\n\n\n\n<div class=\"wp-block-column is-layout-flow wp-block-column-is-layout-flow\">\n<figure class=\"wp-block-image size-full\"><a href=\"https:\/\/teoriadeconstruccion.net\/blog\/calculos\/calculadora-hs3-calidad-del-aire-interior\/\" target=\"_blank\" rel=\" noreferrer noopener\"><img data-recalc-dims=\"1\" decoding=\"async\" width=\"833\" height=\"833\" src=\"https:\/\/i0.wp.com\/teoriadeconstruccion.net\/blog\/wp-content\/uploads\/2026\/04\/LOGO-CTE-HS3.jpg?resize=833%2C833&#038;ssl=1\" alt=\"\" class=\"wp-image-73697\" srcset=\"https:\/\/i0.wp.com\/teoriadeconstruccion.net\/blog\/wp-content\/uploads\/2026\/04\/LOGO-CTE-HS3.jpg?w=833&amp;ssl=1 833w, https:\/\/i0.wp.com\/teoriadeconstruccion.net\/blog\/wp-content\/uploads\/2026\/04\/LOGO-CTE-HS3.jpg?resize=300%2C300&amp;ssl=1 300w, https:\/\/i0.wp.com\/teoriadeconstruccion.net\/blog\/wp-content\/uploads\/2026\/04\/LOGO-CTE-HS3.jpg?resize=150%2C150&amp;ssl=1 150w, https:\/\/i0.wp.com\/teoriadeconstruccion.net\/blog\/wp-content\/uploads\/2026\/04\/LOGO-CTE-HS3.jpg?resize=768%2C768&amp;ssl=1 768w\" sizes=\"(max-width: 833px) 100vw, 833px\" \/><\/a><\/figure>\n\n\n\n<p>Aqu\u00ed encontrar\u00e1s una calculadora para hacer tus aproximaciones de ventilaci\u00f3n y renovaci\u00f3n de aire cumpliendo CTE y RITE. Util\u00edzala mucho, es una herramienta potente, pero con responsabilidad.<\/p>\n<\/div>\n<\/div>\n\n\n\n<div class=\"wp-block-columns is-layout-flex wp-container-core-columns-is-layout-9d6595d7 wp-block-columns-is-layout-flex\">\n<div class=\"wp-block-column is-layout-flow wp-block-column-is-layout-flow\">\n<figure class=\"wp-block-image size-full\"><a href=\"https:\/\/teoriadeconstruccion.net\/blog\/calculos\/calculadora-hs4-hs5-y-he4-online\/\" target=\"_blank\" rel=\" noreferrer noopener\"><img data-recalc-dims=\"1\" decoding=\"async\" width=\"833\" height=\"833\" src=\"https:\/\/i0.wp.com\/teoriadeconstruccion.net\/blog\/wp-content\/uploads\/2026\/04\/LOGO-CTE-HS4.jpg?resize=833%2C833&#038;ssl=1\" alt=\"\" class=\"wp-image-73698\" srcset=\"https:\/\/i0.wp.com\/teoriadeconstruccion.net\/blog\/wp-content\/uploads\/2026\/04\/LOGO-CTE-HS4.jpg?w=833&amp;ssl=1 833w, https:\/\/i0.wp.com\/teoriadeconstruccion.net\/blog\/wp-content\/uploads\/2026\/04\/LOGO-CTE-HS4.jpg?resize=300%2C300&amp;ssl=1 300w, https:\/\/i0.wp.com\/teoriadeconstruccion.net\/blog\/wp-content\/uploads\/2026\/04\/LOGO-CTE-HS4.jpg?resize=150%2C150&amp;ssl=1 150w, https:\/\/i0.wp.com\/teoriadeconstruccion.net\/blog\/wp-content\/uploads\/2026\/04\/LOGO-CTE-HS4.jpg?resize=768%2C768&amp;ssl=1 768w\" sizes=\"(max-width: 833px) 100vw, 833px\" \/><\/a><\/figure>\n\n\n\n<p>Tambi\u00e9n preparamos la <a href=\"https:\/\/teoriadeconstruccion.net\/blog\/calculos\/calculadora-hs4-hs5-y-he4-online\/\"><strong>Calculadora para HS 4 HS5 y HE4 . Pru\u00e9bala!<\/strong><\/a><\/p>\n<\/div>\n\n\n\n<div class=\"wp-block-column is-layout-flow wp-block-column-is-layout-flow\">\n<figure class=\"wp-block-image size-full\"><a href=\"https:\/\/teoriadeconstruccion.net\/blog\/calculos\/calculadora-hs4-hs5-y-he4-online\/\" target=\"_blank\" rel=\" noreferrer noopener\"><img data-recalc-dims=\"1\" decoding=\"async\" width=\"833\" height=\"833\" src=\"https:\/\/i0.wp.com\/teoriadeconstruccion.net\/blog\/wp-content\/uploads\/2026\/04\/LOGO-CTE-HS5.jpg?resize=833%2C833&#038;ssl=1\" alt=\"\" class=\"wp-image-73699\" srcset=\"https:\/\/i0.wp.com\/teoriadeconstruccion.net\/blog\/wp-content\/uploads\/2026\/04\/LOGO-CTE-HS5.jpg?w=833&amp;ssl=1 833w, https:\/\/i0.wp.com\/teoriadeconstruccion.net\/blog\/wp-content\/uploads\/2026\/04\/LOGO-CTE-HS5.jpg?resize=300%2C300&amp;ssl=1 300w, https:\/\/i0.wp.com\/teoriadeconstruccion.net\/blog\/wp-content\/uploads\/2026\/04\/LOGO-CTE-HS5.jpg?resize=150%2C150&amp;ssl=1 150w, https:\/\/i0.wp.com\/teoriadeconstruccion.net\/blog\/wp-content\/uploads\/2026\/04\/LOGO-CTE-HS5.jpg?resize=768%2C768&amp;ssl=1 768w\" sizes=\"(max-width: 833px) 100vw, 833px\" \/><\/a><\/figure>\n<\/div>\n\n\n\n<div class=\"wp-block-column is-layout-flow wp-block-column-is-layout-flow\">\n<figure class=\"wp-block-image size-full\"><a href=\"https:\/\/teoriadeconstruccion.net\/blog\/justificacion-online-de-la-proteccion-frente-al-radon\/\" target=\"_blank\" rel=\" noreferrer noopener\"><img data-recalc-dims=\"1\" decoding=\"async\" width=\"833\" height=\"833\" src=\"https:\/\/i0.wp.com\/teoriadeconstruccion.net\/blog\/wp-content\/uploads\/2026\/04\/LOGO-CTE-HS6.jpg?resize=833%2C833&#038;ssl=1\" alt=\"\" class=\"wp-image-73700\" srcset=\"https:\/\/i0.wp.com\/teoriadeconstruccion.net\/blog\/wp-content\/uploads\/2026\/04\/LOGO-CTE-HS6.jpg?w=833&amp;ssl=1 833w, https:\/\/i0.wp.com\/teoriadeconstruccion.net\/blog\/wp-content\/uploads\/2026\/04\/LOGO-CTE-HS6.jpg?resize=300%2C300&amp;ssl=1 300w, https:\/\/i0.wp.com\/teoriadeconstruccion.net\/blog\/wp-content\/uploads\/2026\/04\/LOGO-CTE-HS6.jpg?resize=150%2C150&amp;ssl=1 150w, https:\/\/i0.wp.com\/teoriadeconstruccion.net\/blog\/wp-content\/uploads\/2026\/04\/LOGO-CTE-HS6.jpg?resize=768%2C768&amp;ssl=1 768w\" sizes=\"(max-width: 833px) 100vw, 833px\" \/><\/a><\/figure>\n\n\n\n<p>Te presentamos una <a href=\"https:\/\/teoriadeconstruccion.net\/blog\/justificacion-online-de-la-proteccion-frente-al-radon\/\">gu\u00eda para nuestra aplicaci\u00f3n de protecci\u00f3n frente al rad\u00f3n<\/a><\/p>\n\n\n\n<p>Tambi\u00e9n puedes <a href=\"https:\/\/teoriadeconstruccion.net\/blog\/wp-content\/uploads\/2026\/04\/CALCULADORA_CTE_DB_HS6_RADON.html\">entrar directamente a la herramienta aqu\u00ed<\/a><\/p>\n<\/div>\n<\/div>\n\n\n\n<h3 class=\"wp-block-heading\">CUMPLIMIENTO DE AHORRO DE ENERG\u00cdA SEGUN CTE DB HE<\/h3>\n\n\n\n<div class=\"wp-block-columns is-layout-flex wp-container-core-columns-is-layout-9d6595d7 wp-block-columns-is-layout-flex\">\n<div class=\"wp-block-column is-layout-flow wp-block-column-is-layout-flow\">\n<figure class=\"wp-block-image size-full\"><a href=\"https:\/\/teoriadeconstruccion.net\/blog\/calculo-de-transmitancias-de-fachadas-cubiertas-muros-en-contacto-con-el-terreno\/\" target=\"_blank\" rel=\" noreferrer noopener\"><img data-recalc-dims=\"1\" decoding=\"async\" width=\"833\" height=\"833\" src=\"https:\/\/i0.wp.com\/teoriadeconstruccion.net\/blog\/wp-content\/uploads\/2026\/04\/LOGO-CTE-HE1.jpg?resize=833%2C833&#038;ssl=1\" alt=\"\" class=\"wp-image-73692\" srcset=\"https:\/\/i0.wp.com\/teoriadeconstruccion.net\/blog\/wp-content\/uploads\/2026\/04\/LOGO-CTE-HE1.jpg?w=833&amp;ssl=1 833w, https:\/\/i0.wp.com\/teoriadeconstruccion.net\/blog\/wp-content\/uploads\/2026\/04\/LOGO-CTE-HE1.jpg?resize=300%2C300&amp;ssl=1 300w, https:\/\/i0.wp.com\/teoriadeconstruccion.net\/blog\/wp-content\/uploads\/2026\/04\/LOGO-CTE-HE1.jpg?resize=150%2C150&amp;ssl=1 150w, https:\/\/i0.wp.com\/teoriadeconstruccion.net\/blog\/wp-content\/uploads\/2026\/04\/LOGO-CTE-HE1.jpg?resize=768%2C768&amp;ssl=1 768w\" sizes=\"(max-width: 833px) 100vw, 833px\" \/><\/a><\/figure>\n\n\n\n<p>En este apartado podr\u00e1s descargar un Excel completo para fabricar tus cerramientos, justificar las transmitancias t\u00e9rmicas y las posibilidades de condensaciones. Tenemos muchos m\u00e1s materiales clasificados que la herramiente CE3x, <a href=\"https:\/\/teoriadeconstruccion.net\/blog\/calculo-de-transmitancias-de-fachadas-cubiertas-muros-en-contacto-con-el-terreno\/\" target=\"_blank\" rel=\"noreferrer noopener\">pru\u00e9balo<\/a>, te ser\u00e1 de gran utilidad en tus proyectos. <\/p>\n<\/div>\n\n\n\n<div class=\"wp-block-column is-layout-flow wp-block-column-is-layout-flow\">\n<figure class=\"wp-block-image size-full\"><a href=\"https:\/\/teoriadeconstruccion.net\/blog\/calculos\/calculadora-hs4-hs5-y-he4-online\/\" target=\"_blank\" rel=\" noreferrer noopener\"><img data-recalc-dims=\"1\" decoding=\"async\" width=\"833\" height=\"833\" src=\"https:\/\/i0.wp.com\/teoriadeconstruccion.net\/blog\/wp-content\/uploads\/2026\/04\/LOGO-CTE-HE4.jpg?resize=833%2C833&#038;ssl=1\" alt=\"\" class=\"wp-image-73693\" srcset=\"https:\/\/i0.wp.com\/teoriadeconstruccion.net\/blog\/wp-content\/uploads\/2026\/04\/LOGO-CTE-HE4.jpg?w=833&amp;ssl=1 833w, https:\/\/i0.wp.com\/teoriadeconstruccion.net\/blog\/wp-content\/uploads\/2026\/04\/LOGO-CTE-HE4.jpg?resize=300%2C300&amp;ssl=1 300w, https:\/\/i0.wp.com\/teoriadeconstruccion.net\/blog\/wp-content\/uploads\/2026\/04\/LOGO-CTE-HE4.jpg?resize=150%2C150&amp;ssl=1 150w, https:\/\/i0.wp.com\/teoriadeconstruccion.net\/blog\/wp-content\/uploads\/2026\/04\/LOGO-CTE-HE4.jpg?resize=768%2C768&amp;ssl=1 768w\" sizes=\"(max-width: 833px) 100vw, 833px\" \/><\/a><\/figure>\n\n\n\n<p>La herramienta combinada para calcular HS4, HS5 y HE4 te dar\u00e1 una gran aproximaci\u00f3n a que tipo de instalaci\u00f3n necesitas.<a href=\"https:\/\/teoriadeconstruccion.net\/blog\/calculos\/calculadora-hs4-hs5-y-he4-online\/\"> Prueba la herramienta!<\/a><\/p>\n<\/div>\n\n\n\n<div class=\"wp-block-column is-layout-flow wp-block-column-is-layout-flow\"><\/div>\n<\/div>\n\n\n\n<figure class=\"wp-block-image size-large\"><a href=\"https:\/\/teoriadeconstruccion.net\/blog\/wp-content\/uploads\/2026\/03\/Cerramientos-TC.xlsx\"><img data-recalc-dims=\"1\" decoding=\"async\" width=\"1024\" height=\"769\" src=\"https:\/\/i0.wp.com\/teoriadeconstruccion.net\/blog\/wp-content\/uploads\/2026\/03\/image-7.png?resize=1024%2C769&#038;ssl=1\" alt=\"\" class=\"wp-image-73613\" srcset=\"https:\/\/i0.wp.com\/teoriadeconstruccion.net\/blog\/wp-content\/uploads\/2026\/03\/image-7.png?resize=1024%2C769&amp;ssl=1 1024w, https:\/\/i0.wp.com\/teoriadeconstruccion.net\/blog\/wp-content\/uploads\/2026\/03\/image-7.png?resize=300%2C225&amp;ssl=1 300w, https:\/\/i0.wp.com\/teoriadeconstruccion.net\/blog\/wp-content\/uploads\/2026\/03\/image-7.png?resize=768%2C577&amp;ssl=1 768w, https:\/\/i0.wp.com\/teoriadeconstruccion.net\/blog\/wp-content\/uploads\/2026\/03\/image-7.png?w=1084&amp;ssl=1 1084w\" sizes=\"(max-width: 1024px) 100vw, 1024px\" \/><\/a><\/figure>\n\n\n\n<p><a href=\"https:\/\/teoriadeconstruccion.net\/blog\/calculo-de-transmitancias-de-fachadas-cubiertas-muros-en-contacto-con-el-terreno\/\">Puedes acceder al manual de la herramienta aqu\u00ed. <\/a><\/p>\n\n\n\n\n\n<p><\/p>\n","protected":false},"excerpt":{"rendered":"<p>Te presentamos las \u00faltimas novedades desarrolladas por teoriadeconstruccion.net Se trata de aplicaciones en fase de desarrollo, que consideramos que ya cuentan con una funcionalidad m\u00ednima y un rigor suficiente como para tener en cuenta como plantillas de apoyo, predimensionado e interpretaci\u00f3n normativa. Agradecemos feedback en los comentarios para seguir desarroll\u00e1ndolas. Cada d\u00eda te hacemos la&hellip;&nbsp;<a href=\"https:\/\/teoriadeconstruccion.net\/blog\/calculos\/\" rel=\"bookmark\">Leer m\u00e1s &raquo;<span class=\"screen-reader-text\">C\u00e1lculos<\/span><\/a><\/p>\n","protected":false},"author":1,"featured_media":73718,"parent":0,"menu_order":0,"comment_status":"open","ping_status":"open","template":"","meta":{"neve_meta_sidebar":"","neve_meta_container":"","neve_meta_enable_content_width":"","neve_meta_content_width":0,"neve_meta_title_alignment":"","neve_meta_author_avatar":"","neve_post_elements_order":"","neve_meta_disable_header":"","neve_meta_disable_footer":"","neve_meta_disable_title":"","footnotes":""},"class_list":["post-3401","page","type-page","status-publish","has-post-thumbnail","hentry"],"yoast_head":"<!-- This site is optimized with the Yoast SEO plugin v27.5 - https:\/\/yoast.com\/product\/yoast-seo-wordpress\/ -->\n<title>Hojas de c\u00e1lculo<\/title>\n<meta name=\"description\" content=\"Estas hojas de c\u00e1lculo xls permiten comprobaciones de distintas estructuras, instalaciones y aislamientos.\" \/>\n<meta name=\"robots\" content=\"index, follow, max-snippet:-1, max-image-preview:large, max-video-preview:-1\" \/>\n<link rel=\"canonical\" href=\"https:\/\/teoriadeconstruccion.net\/blog\/calculos\/\" \/>\n<meta property=\"og:locale\" content=\"es_ES\" \/>\n<meta property=\"og:type\" content=\"article\" \/>\n<meta property=\"og:title\" content=\"Hojas de c\u00e1lculo\" \/>\n<meta property=\"og:description\" content=\"Estas hojas de c\u00e1lculo xls permiten comprobaciones de distintas estructuras, instalaciones y aislamientos.\" \/>\n<meta property=\"og:url\" content=\"https:\/\/teoriadeconstruccion.net\/blog\/calculos\/\" \/>\n<meta property=\"og:site_name\" content=\"Teor\u00eda de construcci\u00f3n\" \/>\n<meta property=\"article:publisher\" content=\"https:\/\/www.facebook.com\/teoriadeconstru\" \/>\n<meta property=\"article:modified_time\" content=\"2026-04-26T17:25:54+00:00\" \/>\n<meta property=\"og:image\" content=\"https:\/\/teoriadeconstruccion.net\/blog\/wp-content\/uploads\/2026\/04\/image-6.png\" \/>\n\t<meta property=\"og:image:width\" content=\"1349\" \/>\n\t<meta property=\"og:image:height\" content=\"445\" \/>\n\t<meta property=\"og:image:type\" content=\"image\/png\" \/>\n<meta name=\"twitter:card\" content=\"summary_large_image\" \/>\n<meta name=\"twitter:site\" content=\"@teoriadeconstru\" \/>\n<meta name=\"twitter:label1\" content=\"Tiempo de lectura\" \/>\n\t<meta name=\"twitter:data1\" content=\"4 minutos\" \/>\n<script type=\"application\/ld+json\" class=\"yoast-schema-graph\">{\"@context\":\"https:\\\/\\\/schema.org\",\"@graph\":[{\"@type\":\"WebPage\",\"@id\":\"https:\\\/\\\/teoriadeconstruccion.net\\\/blog\\\/calculos\\\/\",\"url\":\"https:\\\/\\\/teoriadeconstruccion.net\\\/blog\\\/calculos\\\/\",\"name\":\"Hojas de c\u00e1lculo\",\"isPartOf\":{\"@id\":\"https:\\\/\\\/teoriadeconstruccion.net\\\/blog\\\/#website\"},\"primaryImageOfPage\":{\"@id\":\"https:\\\/\\\/teoriadeconstruccion.net\\\/blog\\\/calculos\\\/#primaryimage\"},\"image\":{\"@id\":\"https:\\\/\\\/teoriadeconstruccion.net\\\/blog\\\/calculos\\\/#primaryimage\"},\"thumbnailUrl\":\"https:\\\/\\\/i0.wp.com\\\/teoriadeconstruccion.net\\\/blog\\\/wp-content\\\/uploads\\\/2026\\\/04\\\/image-6.png?fit=1349%2C445&ssl=1\",\"datePublished\":\"2014-08-23T11:40:36+00:00\",\"dateModified\":\"2026-04-26T17:25:54+00:00\",\"description\":\"Estas hojas de c\u00e1lculo xls permiten comprobaciones de distintas estructuras, instalaciones y aislamientos.\",\"breadcrumb\":{\"@id\":\"https:\\\/\\\/teoriadeconstruccion.net\\\/blog\\\/calculos\\\/#breadcrumb\"},\"inLanguage\":\"es\",\"potentialAction\":[{\"@type\":\"ReadAction\",\"target\":[\"https:\\\/\\\/teoriadeconstruccion.net\\\/blog\\\/calculos\\\/\"]}]},{\"@type\":\"ImageObject\",\"inLanguage\":\"es\",\"@id\":\"https:\\\/\\\/teoriadeconstruccion.net\\\/blog\\\/calculos\\\/#primaryimage\",\"url\":\"https:\\\/\\\/i0.wp.com\\\/teoriadeconstruccion.net\\\/blog\\\/wp-content\\\/uploads\\\/2026\\\/04\\\/image-6.png?fit=1349%2C445&ssl=1\",\"contentUrl\":\"https:\\\/\\\/i0.wp.com\\\/teoriadeconstruccion.net\\\/blog\\\/wp-content\\\/uploads\\\/2026\\\/04\\\/image-6.png?fit=1349%2C445&ssl=1\",\"width\":1349,\"height\":445},{\"@type\":\"BreadcrumbList\",\"@id\":\"https:\\\/\\\/teoriadeconstruccion.net\\\/blog\\\/calculos\\\/#breadcrumb\",\"itemListElement\":[{\"@type\":\"ListItem\",\"position\":1,\"name\":\"Home\",\"item\":\"https:\\\/\\\/teoriadeconstruccion.net\\\/blog\\\/\"},{\"@type\":\"ListItem\",\"position\":2,\"name\":\"C\u00e1lculos\"}]},{\"@type\":\"WebSite\",\"@id\":\"https:\\\/\\\/teoriadeconstruccion.net\\\/blog\\\/#website\",\"url\":\"https:\\\/\\\/teoriadeconstruccion.net\\\/blog\\\/\",\"name\":\"Teor\u00eda de construcci\u00f3n\",\"description\":\"blog sobre construcci\u00f3n, teor\u00eda y aplicaci\u00f3n: materiales, normativa de edificaci\u00f3n, sistemas constructivos.\",\"publisher\":{\"@id\":\"https:\\\/\\\/teoriadeconstruccion.net\\\/blog\\\/#organization\"},\"potentialAction\":[{\"@type\":\"SearchAction\",\"target\":{\"@type\":\"EntryPoint\",\"urlTemplate\":\"https:\\\/\\\/teoriadeconstruccion.net\\\/blog\\\/?s={search_term_string}\"},\"query-input\":{\"@type\":\"PropertyValueSpecification\",\"valueRequired\":true,\"valueName\":\"search_term_string\"}}],\"inLanguage\":\"es\"},{\"@type\":\"Organization\",\"@id\":\"https:\\\/\\\/teoriadeconstruccion.net\\\/blog\\\/#organization\",\"name\":\"teoriadeconstruccion.net\",\"url\":\"https:\\\/\\\/teoriadeconstruccion.net\\\/blog\\\/\",\"logo\":{\"@type\":\"ImageObject\",\"inLanguage\":\"es\",\"@id\":\"https:\\\/\\\/teoriadeconstruccion.net\\\/blog\\\/#\\\/schema\\\/logo\\\/image\\\/\",\"url\":\"https:\\\/\\\/i0.wp.com\\\/teoriadeconstruccion.net\\\/blog\\\/wp-content\\\/uploads\\\/2023\\\/08\\\/cropped-logo-2023-sm.jpg?fit=200%2C128&ssl=1\",\"contentUrl\":\"https:\\\/\\\/i0.wp.com\\\/teoriadeconstruccion.net\\\/blog\\\/wp-content\\\/uploads\\\/2023\\\/08\\\/cropped-logo-2023-sm.jpg?fit=200%2C128&ssl=1\",\"width\":200,\"height\":128,\"caption\":\"teoriadeconstruccion.net\"},\"image\":{\"@id\":\"https:\\\/\\\/teoriadeconstruccion.net\\\/blog\\\/#\\\/schema\\\/logo\\\/image\\\/\"},\"sameAs\":[\"https:\\\/\\\/www.facebook.com\\\/teoriadeconstru\",\"https:\\\/\\\/x.com\\\/teoriadeconstru\"]}]}<\/script>\n<!-- \/ Yoast SEO plugin. -->","yoast_head_json":{"title":"Hojas de c\u00e1lculo","description":"Estas hojas de c\u00e1lculo xls permiten comprobaciones de distintas estructuras, instalaciones y aislamientos.","robots":{"index":"index","follow":"follow","max-snippet":"max-snippet:-1","max-image-preview":"max-image-preview:large","max-video-preview":"max-video-preview:-1"},"canonical":"https:\/\/teoriadeconstruccion.net\/blog\/calculos\/","og_locale":"es_ES","og_type":"article","og_title":"Hojas de c\u00e1lculo","og_description":"Estas hojas de c\u00e1lculo xls permiten comprobaciones de distintas estructuras, instalaciones y aislamientos.","og_url":"https:\/\/teoriadeconstruccion.net\/blog\/calculos\/","og_site_name":"Teor\u00eda de construcci\u00f3n","article_publisher":"https:\/\/www.facebook.com\/teoriadeconstru","article_modified_time":"2026-04-26T17:25:54+00:00","og_image":[{"width":1349,"height":445,"url":"https:\/\/teoriadeconstruccion.net\/blog\/wp-content\/uploads\/2026\/04\/image-6.png","type":"image\/png"}],"twitter_card":"summary_large_image","twitter_site":"@teoriadeconstru","twitter_misc":{"Tiempo de lectura":"4 minutos"},"schema":{"@context":"https:\/\/schema.org","@graph":[{"@type":"WebPage","@id":"https:\/\/teoriadeconstruccion.net\/blog\/calculos\/","url":"https:\/\/teoriadeconstruccion.net\/blog\/calculos\/","name":"Hojas de c\u00e1lculo","isPartOf":{"@id":"https:\/\/teoriadeconstruccion.net\/blog\/#website"},"primaryImageOfPage":{"@id":"https:\/\/teoriadeconstruccion.net\/blog\/calculos\/#primaryimage"},"image":{"@id":"https:\/\/teoriadeconstruccion.net\/blog\/calculos\/#primaryimage"},"thumbnailUrl":"https:\/\/i0.wp.com\/teoriadeconstruccion.net\/blog\/wp-content\/uploads\/2026\/04\/image-6.png?fit=1349%2C445&ssl=1","datePublished":"2014-08-23T11:40:36+00:00","dateModified":"2026-04-26T17:25:54+00:00","description":"Estas hojas de c\u00e1lculo xls permiten comprobaciones de distintas estructuras, instalaciones y aislamientos.","breadcrumb":{"@id":"https:\/\/teoriadeconstruccion.net\/blog\/calculos\/#breadcrumb"},"inLanguage":"es","potentialAction":[{"@type":"ReadAction","target":["https:\/\/teoriadeconstruccion.net\/blog\/calculos\/"]}]},{"@type":"ImageObject","inLanguage":"es","@id":"https:\/\/teoriadeconstruccion.net\/blog\/calculos\/#primaryimage","url":"https:\/\/i0.wp.com\/teoriadeconstruccion.net\/blog\/wp-content\/uploads\/2026\/04\/image-6.png?fit=1349%2C445&ssl=1","contentUrl":"https:\/\/i0.wp.com\/teoriadeconstruccion.net\/blog\/wp-content\/uploads\/2026\/04\/image-6.png?fit=1349%2C445&ssl=1","width":1349,"height":445},{"@type":"BreadcrumbList","@id":"https:\/\/teoriadeconstruccion.net\/blog\/calculos\/#breadcrumb","itemListElement":[{"@type":"ListItem","position":1,"name":"Home","item":"https:\/\/teoriadeconstruccion.net\/blog\/"},{"@type":"ListItem","position":2,"name":"C\u00e1lculos"}]},{"@type":"WebSite","@id":"https:\/\/teoriadeconstruccion.net\/blog\/#website","url":"https:\/\/teoriadeconstruccion.net\/blog\/","name":"Teor\u00eda de construcci\u00f3n","description":"blog sobre construcci\u00f3n, teor\u00eda y aplicaci\u00f3n: materiales, normativa de edificaci\u00f3n, sistemas constructivos.","publisher":{"@id":"https:\/\/teoriadeconstruccion.net\/blog\/#organization"},"potentialAction":[{"@type":"SearchAction","target":{"@type":"EntryPoint","urlTemplate":"https:\/\/teoriadeconstruccion.net\/blog\/?s={search_term_string}"},"query-input":{"@type":"PropertyValueSpecification","valueRequired":true,"valueName":"search_term_string"}}],"inLanguage":"es"},{"@type":"Organization","@id":"https:\/\/teoriadeconstruccion.net\/blog\/#organization","name":"teoriadeconstruccion.net","url":"https:\/\/teoriadeconstruccion.net\/blog\/","logo":{"@type":"ImageObject","inLanguage":"es","@id":"https:\/\/teoriadeconstruccion.net\/blog\/#\/schema\/logo\/image\/","url":"https:\/\/i0.wp.com\/teoriadeconstruccion.net\/blog\/wp-content\/uploads\/2023\/08\/cropped-logo-2023-sm.jpg?fit=200%2C128&ssl=1","contentUrl":"https:\/\/i0.wp.com\/teoriadeconstruccion.net\/blog\/wp-content\/uploads\/2023\/08\/cropped-logo-2023-sm.jpg?fit=200%2C128&ssl=1","width":200,"height":128,"caption":"teoriadeconstruccion.net"},"image":{"@id":"https:\/\/teoriadeconstruccion.net\/blog\/#\/schema\/logo\/image\/"},"sameAs":["https:\/\/www.facebook.com\/teoriadeconstru","https:\/\/x.com\/teoriadeconstru"]}]}},"jetpack_shortlink":"https:\/\/wp.me\/P3diCd-SR","jetpack_sharing_enabled":true,"_links":{"self":[{"href":"https:\/\/teoriadeconstruccion.net\/blog\/wp-json\/wp\/v2\/pages\/3401","targetHints":{"allow":["GET"]}}],"collection":[{"href":"https:\/\/teoriadeconstruccion.net\/blog\/wp-json\/wp\/v2\/pages"}],"about":[{"href":"https:\/\/teoriadeconstruccion.net\/blog\/wp-json\/wp\/v2\/types\/page"}],"author":[{"embeddable":true,"href":"https:\/\/teoriadeconstruccion.net\/blog\/wp-json\/wp\/v2\/users\/1"}],"replies":[{"embeddable":true,"href":"https:\/\/teoriadeconstruccion.net\/blog\/wp-json\/wp\/v2\/comments?post=3401"}],"version-history":[{"count":12,"href":"https:\/\/teoriadeconstruccion.net\/blog\/wp-json\/wp\/v2\/pages\/3401\/revisions"}],"predecessor-version":[{"id":73726,"href":"https:\/\/teoriadeconstruccion.net\/blog\/wp-json\/wp\/v2\/pages\/3401\/revisions\/73726"}],"wp:featuredmedia":[{"embeddable":true,"href":"https:\/\/teoriadeconstruccion.net\/blog\/wp-json\/wp\/v2\/media\/73718"}],"wp:attachment":[{"href":"https:\/\/teoriadeconstruccion.net\/blog\/wp-json\/wp\/v2\/media?parent=3401"}],"curies":[{"name":"wp","href":"https:\/\/api.w.org\/{rel}","templated":true}]}}