{"id":2923,"date":"2013-03-22T08:49:06","date_gmt":"2013-03-22T08:49:06","guid":{"rendered":"http:\/\/teoriadeconstruccion.net\/blog\/?page_id=2923"},"modified":"2013-03-22T09:24:53","modified_gmt":"2013-03-22T09:24:53","slug":"madera-modificada","status":"publish","type":"page","link":"https:\/\/teoriadeconstruccion.net\/blog\/madera\/madera-modificada\/","title":{"rendered":"Madera modificada"},"content":{"rendered":"<p>La madera modificada es el resultado de una interacci\u00f3n entre la madera y un agente qu\u00edmico, biol\u00f3gico o f\u00edsico, que permite, sin adicionar un biocida, mejorar alguna de sus propiedades durante la vida de servicio del material.As\u00ed, mientras el principal resultado de un protector tradicional es la mejora de la durabilidad, en el caso de la madera modificada obtenemos un nuevo material con propiedades diferentes.<\/p>\n<p>Entre los productos disponibles en el mercado espa\u00f1ol destacan la <strong>madera termotratada<\/strong> y, m\u00e1s recientemente, la<a href=\"http:\/\/teoriadeconstruccion.net\/blog\/?p=2926\"><strong> madera acetilada<\/strong> <\/a>y <strong>furfurilada<\/strong>, obtenidas mediante una modificaci\u00f3n qu\u00edmica.<\/p>\n<p>La madera termotratada se produce sometiendo la madera a un tratamiento t\u00e9rmico, con temperaturas comprendidas entre los 180 y 260\u00baC, en una atm\u00f3sfera inerte o con un bajo contenido en ox\u00edgeno.\u00a0Entre los cambios experimentados por la madera destaca la disminuci\u00f3n de su humedad de equilibrio higrosc\u00f3pico y un comportamiento m\u00e1s estable frente a las variaciones de humedad.<\/p>\n<p>Asimismo, la durabilidad natural mejora, el color de la madera se oscurece y distintas sustancias como las resinas son eliminadas. Por el contrario la densidad disminuye, as\u00ed como varias propiedades mec\u00e1nicas, y su mecanizado requiere precauciones especiales.\u00a0El rango de aplicaciones de la madera termotratada es variado, siendo uno de sus principales empleos la elaboraci\u00f3n de revestimientos y pavimentos de exterior.<\/p>\n<p>En el caso de la<a href=\"http:\/\/teoriadeconstruccion.net\/blog\/?p=2926\"><strong> acetilaci\u00f3n<\/strong><\/a>, una reacci\u00f3n qu\u00edmica transforma grupos hidroxilo en grupos acetilo mediante un tratamiento realizado en autoclave que impregna la madera con anh\u00eddrido ac\u00e9tico, generando \u00e1cido ac\u00e9tico (vinagre) que puede ser reciclado en el propio proceso.\u00a0El proceso mejora de forma extraordinaria la higroscopicidad de la madera y, al mismo tiempo, incrementa su densidad al incorporar grupos acetilos con un mayor tama\u00f1o y peso molecular. La durabilidad frente a los hongos de pudrici\u00f3n mejora considerablemente, alcanzando la m\u00e1xima categor\u00eda (muy durable) seg\u00fan la norma UNE-EN 350-2.<\/p>\n<p>La acetilaci\u00f3n no supone un cambio significativo de la mayor parte de las propiedades mec\u00e1nicas por lo que el material mantiene e incluso mejora sus posibilidades de empleo estructurales. El tratamiento no altera el color original de la madera y permite prolongar considerablemente el mantenimiento del acabado decorativo.\u00a0Las principales aplicaciones de la madera acetilada se encuentran en revestimientos de fachadas, pavimentos de exterior, elementos de carpinter\u00eda y mobiliario urbano, construcci\u00f3n, etc.<\/p>\n<p><img data-recalc-dims=\"1\" decoding=\"async\" class=\"alignnone size-full wp-image-2924\" alt=\"1288211\" src=\"https:\/\/i0.wp.com\/teoriadeconstruccion.net\/blog\/wp-content\/uploads\/2013\/03\/1288211.jpg?resize=446%2C272\" width=\"446\" height=\"272\" srcset=\"https:\/\/i0.wp.com\/teoriadeconstruccion.net\/blog\/wp-content\/uploads\/2013\/03\/1288211.jpg?w=446&amp;ssl=1 446w, https:\/\/i0.wp.com\/teoriadeconstruccion.net\/blog\/wp-content\/uploads\/2013\/03\/1288211.jpg?resize=300%2C182&amp;ssl=1 300w\" sizes=\"(max-width: 446px) 100vw, 446px\" \/><\/p>\n<p>De entre las aplicaciones estructurales merece destacarse el puente de tr\u00e1fico pesado inaugurado en abril de 2009 en la ciudad de Sneek (Holanda). El puente, con una longitud de 32 m y una anchura de 12 m, ha sido dise\u00f1ado para soportar cargas de hasta 60 toneladas y su vida de servicio superar\u00e1 los 80 a\u00f1os.<\/p>\n<p>La<strong> furfurilaci\u00f3n<\/strong> de la madera consiste en su tratamiento con alcohol furfur\u00edlico, obtenido a partir del furfural, un derivado de subproductos de la agricultura como la ca\u00f1a de az\u00facar o el ma\u00edz. El tratamiento se realiza en autoclave al que siguen varias etapas durante las que se produce un secado intermedio y la polimerizaci\u00f3n de los productos qu\u00edmicos en las c\u00e9lulas de la madera, finalizando con un secado final.<\/p>\n<p>La furfurilaci\u00f3n mejora considerablemente la higroscopicidad de la madera y, al mismo tiempo, incrementa su densidad y su dureza. Las propiedades mec\u00e1nicas tienden a mejorar, excepto la resistencia al impacto, y el color de la madera se oscurece. Con una retenci\u00f3n adecuada, la madera furfurilada puede alcanzar la m\u00e1xima categor\u00eda de durabilidad natural (muy durable) frente a los hongos de pudrici\u00f3n.Las principales aplicaciones comerciales se encuentran en fachadas, entarimados de exterior y cubiertas de yates.<\/p>\n<p><em id=\"__mceDel\"><strong>\u00a0Manuel C. Touza V\u00e1zquez<\/strong>, Ingeniero de Montes<br \/>\nResponsable del \u00c1rea de Innovaci\u00f3n y Tecnolog\u00eda del Centro de Innovaci\u00f3n y Servicios Tecnol\u00f3gicos de la Madera de Galicia (CIS-Madera)<\/em><\/p>\n","protected":false},"excerpt":{"rendered":"<p>La madera modificada es el resultado de una interacci\u00f3n entre la madera y un agente qu\u00edmico, biol\u00f3gico o f\u00edsico, que permite, sin adicionar un biocida, mejorar alguna de sus propiedades durante la vida de servicio del material.As\u00ed, mientras el principal resultado de un protector tradicional es la mejora de la durabilidad, en el caso de&hellip;&nbsp;<a href=\"https:\/\/teoriadeconstruccion.net\/blog\/madera\/madera-modificada\/\" rel=\"bookmark\">Leer m\u00e1s &raquo;<span class=\"screen-reader-text\">Madera modificada<\/span><\/a><\/p>\n","protected":false},"author":1,"featured_media":2924,"parent":2286,"menu_order":0,"comment_status":"open","ping_status":"open","template":"","meta":{"neve_meta_sidebar":"","neve_meta_container":"","neve_meta_enable_content_width":"","neve_meta_content_width":0,"neve_meta_title_alignment":"","neve_meta_author_avatar":"","neve_post_elements_order":"","neve_meta_disable_header":"","neve_meta_disable_footer":"","neve_meta_disable_title":"","footnotes":""},"class_list":["post-2923","page","type-page","status-publish","has-post-thumbnail","hentry"],"yoast_head":"<!-- This site is optimized with the Yoast SEO plugin v27.5 - https:\/\/yoast.com\/product\/yoast-seo-wordpress\/ -->\n<title>Madera modificada - Teor\u00eda de construcci\u00f3n<\/title>\n<meta name=\"robots\" content=\"index, follow, max-snippet:-1, max-image-preview:large, max-video-preview:-1\" \/>\n<link rel=\"canonical\" href=\"https:\/\/teoriadeconstruccion.net\/blog\/madera\/madera-modificada\/\" \/>\n<meta property=\"og:locale\" content=\"es_ES\" \/>\n<meta property=\"og:type\" content=\"article\" \/>\n<meta property=\"og:title\" content=\"Madera modificada - Teor\u00eda de construcci\u00f3n\" \/>\n<meta property=\"og:description\" content=\"La madera modificada es el resultado de una interacci\u00f3n entre la madera y un agente qu\u00edmico, biol\u00f3gico o f\u00edsico, que permite, sin adicionar un biocida, mejorar alguna de sus propiedades durante la vida de servicio del material.As\u00ed, mientras el principal resultado de un protector tradicional es la mejora de la durabilidad, en el caso de&hellip;&nbsp;Leer m\u00e1s &raquo;Madera modificada\" \/>\n<meta property=\"og:url\" content=\"https:\/\/teoriadeconstruccion.net\/blog\/madera\/madera-modificada\/\" \/>\n<meta property=\"og:site_name\" content=\"Teor\u00eda de construcci\u00f3n\" \/>\n<meta property=\"article:publisher\" content=\"https:\/\/www.facebook.com\/teoriadeconstru\" \/>\n<meta property=\"article:modified_time\" content=\"2013-03-22T09:24:53+00:00\" \/>\n<meta property=\"og:image\" content=\"https:\/\/i2.wp.com\/teoriadeconstruccion.net\/blog\/wp-content\/uploads\/2013\/03\/1288211.jpg?fit=446%2C272&ssl=1\" \/>\n\t<meta property=\"og:image:width\" content=\"446\" \/>\n\t<meta property=\"og:image:height\" content=\"272\" \/>\n\t<meta property=\"og:image:type\" content=\"image\/jpeg\" \/>\n<meta name=\"twitter:card\" content=\"summary_large_image\" \/>\n<meta name=\"twitter:site\" content=\"@teoriadeconstru\" \/>\n<meta name=\"twitter:label1\" content=\"Tiempo de lectura\" \/>\n\t<meta name=\"twitter:data1\" content=\"3 minutos\" \/>\n<script type=\"application\/ld+json\" class=\"yoast-schema-graph\">{\"@context\":\"https:\\\/\\\/schema.org\",\"@graph\":[{\"@type\":\"WebPage\",\"@id\":\"https:\\\/\\\/teoriadeconstruccion.net\\\/blog\\\/madera\\\/madera-modificada\\\/\",\"url\":\"https:\\\/\\\/teoriadeconstruccion.net\\\/blog\\\/madera\\\/madera-modificada\\\/\",\"name\":\"Madera modificada - Teor\u00eda de construcci\u00f3n\",\"isPartOf\":{\"@id\":\"https:\\\/\\\/teoriadeconstruccion.net\\\/blog\\\/#website\"},\"primaryImageOfPage\":{\"@id\":\"https:\\\/\\\/teoriadeconstruccion.net\\\/blog\\\/madera\\\/madera-modificada\\\/#primaryimage\"},\"image\":{\"@id\":\"https:\\\/\\\/teoriadeconstruccion.net\\\/blog\\\/madera\\\/madera-modificada\\\/#primaryimage\"},\"thumbnailUrl\":\"https:\\\/\\\/i0.wp.com\\\/teoriadeconstruccion.net\\\/blog\\\/wp-content\\\/uploads\\\/2013\\\/03\\\/1288211.jpg?fit=446%2C272&ssl=1\",\"datePublished\":\"2013-03-22T08:49:06+00:00\",\"dateModified\":\"2013-03-22T09:24:53+00:00\",\"breadcrumb\":{\"@id\":\"https:\\\/\\\/teoriadeconstruccion.net\\\/blog\\\/madera\\\/madera-modificada\\\/#breadcrumb\"},\"inLanguage\":\"es\",\"potentialAction\":[{\"@type\":\"ReadAction\",\"target\":[\"https:\\\/\\\/teoriadeconstruccion.net\\\/blog\\\/madera\\\/madera-modificada\\\/\"]}]},{\"@type\":\"ImageObject\",\"inLanguage\":\"es\",\"@id\":\"https:\\\/\\\/teoriadeconstruccion.net\\\/blog\\\/madera\\\/madera-modificada\\\/#primaryimage\",\"url\":\"https:\\\/\\\/i0.wp.com\\\/teoriadeconstruccion.net\\\/blog\\\/wp-content\\\/uploads\\\/2013\\\/03\\\/1288211.jpg?fit=446%2C272&ssl=1\",\"contentUrl\":\"https:\\\/\\\/i0.wp.com\\\/teoriadeconstruccion.net\\\/blog\\\/wp-content\\\/uploads\\\/2013\\\/03\\\/1288211.jpg?fit=446%2C272&ssl=1\",\"width\":446,\"height\":272},{\"@type\":\"BreadcrumbList\",\"@id\":\"https:\\\/\\\/teoriadeconstruccion.net\\\/blog\\\/madera\\\/madera-modificada\\\/#breadcrumb\",\"itemListElement\":[{\"@type\":\"ListItem\",\"position\":1,\"name\":\"Home\",\"item\":\"https:\\\/\\\/teoriadeconstruccion.net\\\/blog\\\/\"},{\"@type\":\"ListItem\",\"position\":2,\"name\":\"Madera\",\"item\":\"https:\\\/\\\/teoriadeconstruccion.net\\\/blog\\\/madera\\\/\"},{\"@type\":\"ListItem\",\"position\":3,\"name\":\"Madera modificada\"}]},{\"@type\":\"WebSite\",\"@id\":\"https:\\\/\\\/teoriadeconstruccion.net\\\/blog\\\/#website\",\"url\":\"https:\\\/\\\/teoriadeconstruccion.net\\\/blog\\\/\",\"name\":\"Teor\u00eda de construcci\u00f3n\",\"description\":\"blog sobre construcci\u00f3n, teor\u00eda y aplicaci\u00f3n: materiales, normativa de edificaci\u00f3n, sistemas constructivos.\",\"publisher\":{\"@id\":\"https:\\\/\\\/teoriadeconstruccion.net\\\/blog\\\/#organization\"},\"potentialAction\":[{\"@type\":\"SearchAction\",\"target\":{\"@type\":\"EntryPoint\",\"urlTemplate\":\"https:\\\/\\\/teoriadeconstruccion.net\\\/blog\\\/?s={search_term_string}\"},\"query-input\":{\"@type\":\"PropertyValueSpecification\",\"valueRequired\":true,\"valueName\":\"search_term_string\"}}],\"inLanguage\":\"es\"},{\"@type\":\"Organization\",\"@id\":\"https:\\\/\\\/teoriadeconstruccion.net\\\/blog\\\/#organization\",\"name\":\"teoriadeconstruccion.net\",\"url\":\"https:\\\/\\\/teoriadeconstruccion.net\\\/blog\\\/\",\"logo\":{\"@type\":\"ImageObject\",\"inLanguage\":\"es\",\"@id\":\"https:\\\/\\\/teoriadeconstruccion.net\\\/blog\\\/#\\\/schema\\\/logo\\\/image\\\/\",\"url\":\"https:\\\/\\\/i0.wp.com\\\/teoriadeconstruccion.net\\\/blog\\\/wp-content\\\/uploads\\\/2023\\\/08\\\/cropped-logo-2023-sm.jpg?fit=200%2C128&ssl=1\",\"contentUrl\":\"https:\\\/\\\/i0.wp.com\\\/teoriadeconstruccion.net\\\/blog\\\/wp-content\\\/uploads\\\/2023\\\/08\\\/cropped-logo-2023-sm.jpg?fit=200%2C128&ssl=1\",\"width\":200,\"height\":128,\"caption\":\"teoriadeconstruccion.net\"},\"image\":{\"@id\":\"https:\\\/\\\/teoriadeconstruccion.net\\\/blog\\\/#\\\/schema\\\/logo\\\/image\\\/\"},\"sameAs\":[\"https:\\\/\\\/www.facebook.com\\\/teoriadeconstru\",\"https:\\\/\\\/x.com\\\/teoriadeconstru\"]}]}<\/script>\n<!-- \/ Yoast SEO plugin. -->","yoast_head_json":{"title":"Madera modificada - Teor\u00eda de construcci\u00f3n","robots":{"index":"index","follow":"follow","max-snippet":"max-snippet:-1","max-image-preview":"max-image-preview:large","max-video-preview":"max-video-preview:-1"},"canonical":"https:\/\/teoriadeconstruccion.net\/blog\/madera\/madera-modificada\/","og_locale":"es_ES","og_type":"article","og_title":"Madera modificada - Teor\u00eda de construcci\u00f3n","og_description":"La madera modificada es el resultado de una interacci\u00f3n entre la madera y un agente qu\u00edmico, biol\u00f3gico o f\u00edsico, que permite, sin adicionar un biocida, mejorar alguna de sus propiedades durante la vida de servicio del material.As\u00ed, mientras el principal resultado de un protector tradicional es la mejora de la durabilidad, en el caso de&hellip;&nbsp;Leer m\u00e1s &raquo;Madera modificada","og_url":"https:\/\/teoriadeconstruccion.net\/blog\/madera\/madera-modificada\/","og_site_name":"Teor\u00eda de construcci\u00f3n","article_publisher":"https:\/\/www.facebook.com\/teoriadeconstru","article_modified_time":"2013-03-22T09:24:53+00:00","og_image":[{"width":446,"height":272,"url":"https:\/\/i2.wp.com\/teoriadeconstruccion.net\/blog\/wp-content\/uploads\/2013\/03\/1288211.jpg?fit=446%2C272&ssl=1","type":"image\/jpeg"}],"twitter_card":"summary_large_image","twitter_site":"@teoriadeconstru","twitter_misc":{"Tiempo de lectura":"3 minutos"},"schema":{"@context":"https:\/\/schema.org","@graph":[{"@type":"WebPage","@id":"https:\/\/teoriadeconstruccion.net\/blog\/madera\/madera-modificada\/","url":"https:\/\/teoriadeconstruccion.net\/blog\/madera\/madera-modificada\/","name":"Madera modificada - Teor\u00eda de construcci\u00f3n","isPartOf":{"@id":"https:\/\/teoriadeconstruccion.net\/blog\/#website"},"primaryImageOfPage":{"@id":"https:\/\/teoriadeconstruccion.net\/blog\/madera\/madera-modificada\/#primaryimage"},"image":{"@id":"https:\/\/teoriadeconstruccion.net\/blog\/madera\/madera-modificada\/#primaryimage"},"thumbnailUrl":"https:\/\/i0.wp.com\/teoriadeconstruccion.net\/blog\/wp-content\/uploads\/2013\/03\/1288211.jpg?fit=446%2C272&ssl=1","datePublished":"2013-03-22T08:49:06+00:00","dateModified":"2013-03-22T09:24:53+00:00","breadcrumb":{"@id":"https:\/\/teoriadeconstruccion.net\/blog\/madera\/madera-modificada\/#breadcrumb"},"inLanguage":"es","potentialAction":[{"@type":"ReadAction","target":["https:\/\/teoriadeconstruccion.net\/blog\/madera\/madera-modificada\/"]}]},{"@type":"ImageObject","inLanguage":"es","@id":"https:\/\/teoriadeconstruccion.net\/blog\/madera\/madera-modificada\/#primaryimage","url":"https:\/\/i0.wp.com\/teoriadeconstruccion.net\/blog\/wp-content\/uploads\/2013\/03\/1288211.jpg?fit=446%2C272&ssl=1","contentUrl":"https:\/\/i0.wp.com\/teoriadeconstruccion.net\/blog\/wp-content\/uploads\/2013\/03\/1288211.jpg?fit=446%2C272&ssl=1","width":446,"height":272},{"@type":"BreadcrumbList","@id":"https:\/\/teoriadeconstruccion.net\/blog\/madera\/madera-modificada\/#breadcrumb","itemListElement":[{"@type":"ListItem","position":1,"name":"Home","item":"https:\/\/teoriadeconstruccion.net\/blog\/"},{"@type":"ListItem","position":2,"name":"Madera","item":"https:\/\/teoriadeconstruccion.net\/blog\/madera\/"},{"@type":"ListItem","position":3,"name":"Madera modificada"}]},{"@type":"WebSite","@id":"https:\/\/teoriadeconstruccion.net\/blog\/#website","url":"https:\/\/teoriadeconstruccion.net\/blog\/","name":"Teor\u00eda de construcci\u00f3n","description":"blog sobre construcci\u00f3n, teor\u00eda y aplicaci\u00f3n: materiales, normativa de edificaci\u00f3n, sistemas constructivos.","publisher":{"@id":"https:\/\/teoriadeconstruccion.net\/blog\/#organization"},"potentialAction":[{"@type":"SearchAction","target":{"@type":"EntryPoint","urlTemplate":"https:\/\/teoriadeconstruccion.net\/blog\/?s={search_term_string}"},"query-input":{"@type":"PropertyValueSpecification","valueRequired":true,"valueName":"search_term_string"}}],"inLanguage":"es"},{"@type":"Organization","@id":"https:\/\/teoriadeconstruccion.net\/blog\/#organization","name":"teoriadeconstruccion.net","url":"https:\/\/teoriadeconstruccion.net\/blog\/","logo":{"@type":"ImageObject","inLanguage":"es","@id":"https:\/\/teoriadeconstruccion.net\/blog\/#\/schema\/logo\/image\/","url":"https:\/\/i0.wp.com\/teoriadeconstruccion.net\/blog\/wp-content\/uploads\/2023\/08\/cropped-logo-2023-sm.jpg?fit=200%2C128&ssl=1","contentUrl":"https:\/\/i0.wp.com\/teoriadeconstruccion.net\/blog\/wp-content\/uploads\/2023\/08\/cropped-logo-2023-sm.jpg?fit=200%2C128&ssl=1","width":200,"height":128,"caption":"teoriadeconstruccion.net"},"image":{"@id":"https:\/\/teoriadeconstruccion.net\/blog\/#\/schema\/logo\/image\/"},"sameAs":["https:\/\/www.facebook.com\/teoriadeconstru","https:\/\/x.com\/teoriadeconstru"]}]}},"jetpack_shortlink":"https:\/\/wp.me\/P3diCd-L9","jetpack_sharing_enabled":true,"_links":{"self":[{"href":"https:\/\/teoriadeconstruccion.net\/blog\/wp-json\/wp\/v2\/pages\/2923","targetHints":{"allow":["GET"]}}],"collection":[{"href":"https:\/\/teoriadeconstruccion.net\/blog\/wp-json\/wp\/v2\/pages"}],"about":[{"href":"https:\/\/teoriadeconstruccion.net\/blog\/wp-json\/wp\/v2\/types\/page"}],"author":[{"embeddable":true,"href":"https:\/\/teoriadeconstruccion.net\/blog\/wp-json\/wp\/v2\/users\/1"}],"replies":[{"embeddable":true,"href":"https:\/\/teoriadeconstruccion.net\/blog\/wp-json\/wp\/v2\/comments?post=2923"}],"version-history":[{"count":0,"href":"https:\/\/teoriadeconstruccion.net\/blog\/wp-json\/wp\/v2\/pages\/2923\/revisions"}],"up":[{"embeddable":true,"href":"https:\/\/teoriadeconstruccion.net\/blog\/wp-json\/wp\/v2\/pages\/2286"}],"wp:featuredmedia":[{"embeddable":true,"href":"https:\/\/teoriadeconstruccion.net\/blog\/wp-json\/wp\/v2\/media\/2924"}],"wp:attachment":[{"href":"https:\/\/teoriadeconstruccion.net\/blog\/wp-json\/wp\/v2\/media?parent=2923"}],"curies":[{"name":"wp","href":"https:\/\/api.w.org\/{rel}","templated":true}]}}